{"id":1213,"date":"2024-02-08T12:44:59","date_gmt":"2024-02-08T12:44:59","guid":{"rendered":"https:\/\/fastfassaad.vdisain.dev\/wood-cladding\/"},"modified":"2024-04-01T11:01:05","modified_gmt":"2024-04-01T11:01:05","slug":"wood-cladding","status":"publish","type":"page","link":"https:\/\/fastfassaad.ee\/en\/facade-maintenance\/wood-cladding\/","title":{"rendered":"Wood cladding"},"content":{"rendered":"<style>.elementor-1213 .elementor-element.elementor-element-c0eef68 > .elementor-container{min-height:300px;}.elementor-1213 .elementor-element.elementor-element-c0eef68 > .elementor-container > .elementor-column > .elementor-widget-wrap{align-content:center;align-items:center;}.elementor-1213 .elementor-element.elementor-element-c0eef68:not(.elementor-motion-effects-element-type-background), .elementor-1213 .elementor-element.elementor-element-c0eef68 > .elementor-motion-effects-container > .elementor-motion-effects-layer{background-color:var( --e-global-color-text );background-image:url(\"https:\/\/fastfassaad.ee\/wp-content\/uploads\/2024\/02\/facade-2021-08-28-22-29-36-utc.webp\");background-position:top center;background-size:cover;}.elementor-1213 .elementor-element.elementor-element-c0eef68 > .elementor-background-overlay{background-color:var( --e-global-color-text );opacity:0.65;transition:background 0.3s, border-radius 0.3s, opacity 0.3s;}.elementor-1213 .elementor-element.elementor-element-c0eef68{transition:background 0.3s, border 0.3s, border-radius 0.3s, box-shadow 0.3s;padding:100px 0px 0px 0px;}.elementor-1213 .elementor-element.elementor-element-19e751b .elementor-heading-title{font-family:\"Orbitron\", Sans-serif;font-size:42px;color:var( --e-global-color-5ac3c84 );}.elementor-1213 .elementor-element.elementor-element-90df396{--display:flex;--flex-direction:row;--container-widget-width:calc( ( 1 - var( --container-widget-flex-grow ) ) * 100% );--container-widget-height:100%;--container-widget-flex-grow:1;--container-widget-align-self:stretch;--flex-wrap-mobile:wrap;--align-items:stretch;--gap:20px 20px;--row-gap:20px;--column-gap:20px;--margin-top:0px;--margin-bottom:0px;--margin-left:0px;--margin-right:0px;--padding-top:60px;--padding-bottom:45px;--padding-left:0px;--padding-right:0px;}.elementor-1213 .elementor-element.elementor-element-8e86084{--display:flex;--justify-content:center;--margin-top:0px;--margin-bottom:0px;--margin-left:0px;--margin-right:0px;--padding-top:0px;--padding-bottom:0px;--padding-left:0px;--padding-right:0px;}.elementor-1213 .elementor-element.elementor-element-8a69e42{font-family:\"Poppins\", Sans-serif;font-size:16px;font-weight:400;color:var( --e-global-color-text );}.elementor-1213 .elementor-element.elementor-element-8a69e42 > .elementor-widget-container{margin:0px 0px 0px 0px;padding:0px 0px 0px 0px;}.elementor-1213 .elementor-element.elementor-element-cd7d76a{--display:flex;--flex-direction:column;--container-widget-width:100%;--container-widget-height:initial;--container-widget-flex-grow:0;--container-widget-align-self:initial;--flex-wrap-mobile:wrap;--justify-content:center;--gap:30px 30px;--row-gap:30px;--column-gap:30px;--padding-top:0px;--padding-bottom:0px;--padding-left:0px;--padding-right:0px;}.elementor-1213 .elementor-element.elementor-element-136121a img{height:425px;object-fit:cover;object-position:center center;}@media(min-width:768px){.elementor-1213 .elementor-element.elementor-element-8e86084{--width:50%;}.elementor-1213 .elementor-element.elementor-element-cd7d76a{--width:50%;}}@media(max-width:1024px){.elementor-1213 .elementor-element.elementor-element-c0eef68 > .elementor-container{min-height:250px;}.elementor-1213 .elementor-element.elementor-element-c0eef68{margin-top:0px;margin-bottom:0px;padding:60px 30px 0px 30px;}.elementor-1213 .elementor-element.elementor-element-04733c6 > .elementor-element-populated{padding:0px 0px 0px 0px;}.elementor-1213 .elementor-element.elementor-element-19e751b .elementor-heading-title{font-size:26px;}.elementor-1213 .elementor-element.elementor-element-90df396{--padding-top:30px;--padding-bottom:30px;--padding-left:30px;--padding-right:30px;}.elementor-1213 .elementor-element.elementor-element-8a69e42{font-size:14px;}}@media(max-width:767px){.elementor-1213 .elementor-element.elementor-element-c0eef68 > .elementor-container{min-height:175px;}.elementor-1213 .elementor-element.elementor-element-c0eef68{padding:60px 0px 0px 0px;}.elementor-1213 .elementor-element.elementor-element-19e751b{text-align:center;}.elementor-1213 .elementor-element.elementor-element-19e751b .elementor-heading-title{font-size:28px;}.elementor-1213 .elementor-element.elementor-element-90df396{--padding-top:30px;--padding-bottom:30px;--padding-left:10px;--padding-right:10px;}.elementor-1213 .elementor-element.elementor-element-8e86084{--margin-top:0px;--margin-bottom:0px;--margin-left:0px;--margin-right:0px;}.elementor-1213 .elementor-element.elementor-element-8a69e42{text-align:center;font-size:14px;}.elementor-1213 .elementor-element.elementor-element-136121a img{height:255px;}}<\/style>\t\t<div data-elementor-type=\"wp-page\" data-elementor-id=\"1213\" class=\"elementor elementor-1213 elementor-124\" data-elementor-post-type=\"page\">\n\t\t\t\t\t\t<section class=\"elementor-section elementor-top-section elementor-element elementor-element-c0eef68 elementor-section-height-min-height elementor-section-content-middle elementor-section-boxed elementor-section-height-default elementor-section-items-middle\" data-id=\"c0eef68\" data-element_type=\"section\" data-e-type=\"section\" data-settings=\"{&quot;background_background&quot;:&quot;classic&quot;}\">\n\t\t\t\t\t\t\t<div class=\"elementor-background-overlay\"><\/div>\n\t\t\t\t\t\t\t<div class=\"elementor-container elementor-column-gap-default\">\n\t\t\t\t\t<div class=\"elementor-column elementor-col-100 elementor-top-column elementor-element elementor-element-04733c6 elementor-invisible\" data-id=\"04733c6\" data-element_type=\"column\" data-e-type=\"column\" data-settings=\"{&quot;animation&quot;:&quot;fadeInUp&quot;}\">\n\t\t\t<div class=\"elementor-widget-wrap elementor-element-populated\">\n\t\t\t\t\t\t<div class=\"elementor-element elementor-element-19e751b elementor-widget elementor-widget-heading\" data-id=\"19e751b\" data-element_type=\"widget\" data-e-type=\"widget\" data-widget_type=\"heading.default\">\n\t\t\t\t<div class=\"elementor-widget-container\">\n\t\t\t\t\t<h3 class=\"elementor-heading-title elementor-size-default\">Wood barrels<\/h3>\t\t\t\t<\/div>\n\t\t\t\t<\/div>\n\t\t\t\t\t<\/div>\n\t\t<\/div>\n\t\t\t\t\t<\/div>\n\t\t<\/section>\n\t\t<div class=\"elementor-element elementor-element-90df396 e-flex e-con-boxed e-con e-parent\" data-id=\"90df396\" data-element_type=\"container\" data-e-type=\"container\">\n\t\t\t\t\t<div class=\"e-con-inner\">\n\t\t<div class=\"elementor-element elementor-element-8e86084 e-con-full e-flex e-con e-child\" data-id=\"8e86084\" data-element_type=\"container\" data-e-type=\"container\">\n\t\t\t\t<div class=\"elementor-element elementor-element-8a69e42 elementor-invisible elementor-widget elementor-widget-text-editor\" data-id=\"8a69e42\" data-element_type=\"widget\" data-e-type=\"widget\" data-settings=\"{&quot;_animation&quot;:&quot;fadeInDown&quot;}\" data-widget_type=\"text-editor.default\">\n\t\t\t\t<div class=\"elementor-widget-container\">\n\t\t\t\t\t\t\t\t\t<p>Wood fa\u00e7ades are mostly ventilated fa\u00e7ades. The fa\u00e7ade of a timber building is definitely a nature-friendly choice.<\/p>\n<p>The construction of the wooden fa\u00e7ade starts with the &#8216;frame&#8217; of the house, between which the wool, the windbreak, the spacer and, as a final solution, the lining board are installed.<\/p>\n<p>Be sure to prime both sides of the lining boards first and paint the outside 2 times already. The second time, it is important that this is done on the lining boards already in the wall.<\/p>\n\t\t\t\t\t\t\t\t<\/div>\n\t\t\t\t<\/div>\n\t\t\t\t<\/div>\n\t\t<div class=\"elementor-element elementor-element-cd7d76a e-con-full e-flex e-con e-child\" data-id=\"cd7d76a\" data-element_type=\"container\" data-e-type=\"container\">\n\t\t\t\t<div class=\"elementor-element elementor-element-136121a elementor-widget elementor-widget-image\" data-id=\"136121a\" data-element_type=\"widget\" data-e-type=\"widget\" data-widget_type=\"image.default\">\n\t\t\t\t<div class=\"elementor-widget-container\">\n\t\t\t\t\t\t\t\t\t\t\t\t\t\t\t<img fetchpriority=\"high\" decoding=\"async\" width=\"640\" height=\"480\" src=\"https:\/\/fastfassaad.ee\/wp-content\/uploads\/2024\/02\/75.jpg\" class=\"attachment-large size-large wp-image-1219\" alt=\"\" srcset=\"https:\/\/fastfassaad.ee\/wp-content\/uploads\/2024\/02\/75.jpg 640w, https:\/\/fastfassaad.ee\/wp-content\/uploads\/2024\/02\/75-300x225.jpg 300w\" sizes=\"(max-width: 640px) 100vw, 640px\" \/>\t\t\t\t\t\t\t\t\t\t\t\t\t\t\t<\/div>\n\t\t\t\t<\/div>\n\t\t\t\t<\/div>\n\t\t\t\t\t<\/div>\n\t\t\t\t<\/div>\n\t\t\t\t<\/div>\n\t\t","protected":false},"excerpt":{"rendered":"<p>Wood barrels Wood fa\u00e7ades are mostly ventilated fa\u00e7ades. The fa\u00e7ade of a timber building is definitely a nature-friendly choice. The construction of the wooden fa\u00e7ade starts with the &#8216;frame&#8217; of the house, between which the wool, the windbreak, the spacer and, as a final solution, the lining board are installed. Be sure to prime both [&hellip;]<\/p>\n","protected":false},"author":1,"featured_media":0,"parent":1433,"menu_order":0,"comment_status":"closed","ping_status":"closed","template":"elementor_header_footer","meta":{"inline_featured_image":false,"footnotes":""},"class_list":["post-1213","page","type-page","status-publish","hentry"],"_links":{"self":[{"href":"https:\/\/fastfassaad.ee\/en\/wp-json\/wp\/v2\/pages\/1213","targetHints":{"allow":["GET"]}}],"collection":[{"href":"https:\/\/fastfassaad.ee\/en\/wp-json\/wp\/v2\/pages"}],"about":[{"href":"https:\/\/fastfassaad.ee\/en\/wp-json\/wp\/v2\/types\/page"}],"author":[{"embeddable":true,"href":"https:\/\/fastfassaad.ee\/en\/wp-json\/wp\/v2\/users\/1"}],"replies":[{"embeddable":true,"href":"https:\/\/fastfassaad.ee\/en\/wp-json\/wp\/v2\/comments?post=1213"}],"version-history":[{"count":4,"href":"https:\/\/fastfassaad.ee\/en\/wp-json\/wp\/v2\/pages\/1213\/revisions"}],"predecessor-version":[{"id":1359,"href":"https:\/\/fastfassaad.ee\/en\/wp-json\/wp\/v2\/pages\/1213\/revisions\/1359"}],"up":[{"embeddable":true,"href":"https:\/\/fastfassaad.ee\/en\/wp-json\/wp\/v2\/pages\/1433"}],"wp:attachment":[{"href":"https:\/\/fastfassaad.ee\/en\/wp-json\/wp\/v2\/media?parent=1213"}],"curies":[{"name":"wp","href":"https:\/\/api.w.org\/{rel}","templated":true}]}}