{"id":1269,"date":"2024-02-08T12:50:04","date_gmt":"2024-02-08T12:50:04","guid":{"rendered":"https:\/\/fastfassaad.vdisain.dev\/ventilating-facades\/"},"modified":"2024-04-01T11:01:05","modified_gmt":"2024-04-01T11:01:05","slug":"ventilating-facades","status":"publish","type":"page","link":"https:\/\/fastfassaad.ee\/en\/facade-maintenance\/ventilating-facades\/","title":{"rendered":"Ventilating facades"},"content":{"rendered":"<style>.elementor-1269 .elementor-element.elementor-element-c0eef68 > .elementor-container{min-height:300px;}.elementor-1269 .elementor-element.elementor-element-c0eef68 > .elementor-container > .elementor-column > .elementor-widget-wrap{align-content:center;align-items:center;}.elementor-1269 .elementor-element.elementor-element-c0eef68:not(.elementor-motion-effects-element-type-background), .elementor-1269 .elementor-element.elementor-element-c0eef68 > .elementor-motion-effects-container > .elementor-motion-effects-layer{background-color:var( --e-global-color-text );background-image:url(\"https:\/\/fastfassaad.ee\/wp-content\/uploads\/2024\/02\/facade-2021-08-28-22-29-36-utc.webp\");background-position:top center;background-size:cover;}.elementor-1269 .elementor-element.elementor-element-c0eef68 > .elementor-background-overlay{background-color:var( --e-global-color-text );opacity:0.65;transition:background 0.3s, border-radius 0.3s, opacity 0.3s;}.elementor-1269 .elementor-element.elementor-element-c0eef68{transition:background 0.3s, border 0.3s, border-radius 0.3s, box-shadow 0.3s;padding:100px 0px 0px 0px;}.elementor-1269 .elementor-element.elementor-element-04733c6 > .elementor-element-populated{padding:0px 0px 0px 0px;}.elementor-1269 .elementor-element.elementor-element-19e751b .elementor-heading-title{font-family:\"Orbitron\", Sans-serif;font-size:42px;color:var( --e-global-color-5ac3c84 );}.elementor-1269 .elementor-element.elementor-element-90df396{--display:flex;--flex-direction:row;--container-widget-width:calc( ( 1 - var( --container-widget-flex-grow ) ) * 100% );--container-widget-height:100%;--container-widget-flex-grow:1;--container-widget-align-self:stretch;--flex-wrap-mobile:wrap;--align-items:stretch;--gap:10px 10px;--row-gap:10px;--column-gap:10px;--margin-top:0px;--margin-bottom:0px;--margin-left:0px;--margin-right:0px;--padding-top:60px;--padding-bottom:45px;--padding-left:0px;--padding-right:0px;}.elementor-1269 .elementor-element.elementor-element-8e86084{--display:flex;--justify-content:center;--margin-top:0px;--margin-bottom:0px;--margin-left:0px;--margin-right:60px;--padding-top:0px;--padding-bottom:0px;--padding-left:0px;--padding-right:0px;}.elementor-1269 .elementor-element.elementor-element-8a69e42{font-family:\"Poppins\", Sans-serif;font-size:16px;font-weight:400;color:var( --e-global-color-text );}.elementor-1269 .elementor-element.elementor-element-8a69e42 > .elementor-widget-container{margin:0px 0px 0px 0px;padding:0px 0px 0px 0px;}.elementor-1269 .elementor-element.elementor-element-cd7d76a{--display:flex;--flex-direction:column;--container-widget-width:100%;--container-widget-height:initial;--container-widget-flex-grow:0;--container-widget-align-self:initial;--flex-wrap-mobile:wrap;--justify-content:center;--gap:30px 30px;--row-gap:30px;--column-gap:30px;--padding-top:0px;--padding-bottom:0px;--padding-left:0px;--padding-right:0px;}.elementor-1269 .elementor-element.elementor-element-136121a img{height:270px;object-fit:cover;object-position:center center;}.elementor-1269 .elementor-element.elementor-element-3e54635{--display:flex;--flex-direction:row-reverse;--container-widget-width:calc( ( 1 - var( --container-widget-flex-grow ) ) * 100% );--container-widget-height:100%;--container-widget-flex-grow:1;--container-widget-align-self:stretch;--flex-wrap-mobile:wrap-reverse;--align-items:stretch;--gap:10px 10px;--row-gap:10px;--column-gap:10px;--margin-top:0px;--margin-bottom:0px;--margin-left:0px;--margin-right:0px;--padding-top:45px;--padding-bottom:45px;--padding-left:0px;--padding-right:0px;}.elementor-1269 .elementor-element.elementor-element-c856f97{--display:flex;--justify-content:center;--margin-top:0px;--margin-bottom:0px;--margin-left:60px;--margin-right:0px;--padding-top:0px;--padding-bottom:0px;--padding-left:0px;--padding-right:0px;}.elementor-1269 .elementor-element.elementor-element-615ff72{font-family:\"Poppins\", Sans-serif;font-size:16px;font-weight:400;color:var( --e-global-color-text );}.elementor-1269 .elementor-element.elementor-element-615ff72 > .elementor-widget-container{margin:0px 0px 0px 0px;padding:0px 0px 0px 0px;}.elementor-1269 .elementor-element.elementor-element-c89dcec{--display:flex;--flex-direction:column;--container-widget-width:100%;--container-widget-height:initial;--container-widget-flex-grow:0;--container-widget-align-self:initial;--flex-wrap-mobile:wrap;--justify-content:center;--gap:30px 30px;--row-gap:30px;--column-gap:30px;--padding-top:0px;--padding-bottom:0px;--padding-left:0px;--padding-right:0px;}.elementor-1269 .elementor-element.elementor-element-baf13fb img{width:100%;height:260px;object-fit:cover;object-position:center center;}@media(min-width:768px){.elementor-1269 .elementor-element.elementor-element-8e86084{--width:66%;}.elementor-1269 .elementor-element.elementor-element-cd7d76a{--width:34%;}.elementor-1269 .elementor-element.elementor-element-c856f97{--width:66%;}.elementor-1269 .elementor-element.elementor-element-c89dcec{--width:34%;}}@media(max-width:1024px){.elementor-1269 .elementor-element.elementor-element-c0eef68 > .elementor-container{min-height:250px;}.elementor-1269 .elementor-element.elementor-element-c0eef68{margin-top:0px;margin-bottom:0px;padding:60px 30px 0px 30px;}.elementor-1269 .elementor-element.elementor-element-04733c6 > .elementor-element-populated{padding:0px 0px 0px 0px;}.elementor-1269 .elementor-element.elementor-element-19e751b .elementor-heading-title{font-size:26px;}.elementor-1269 .elementor-element.elementor-element-90df396{--padding-top:30px;--padding-bottom:30px;--padding-left:30px;--padding-right:30px;}.elementor-1269 .elementor-element.elementor-element-8a69e42{font-size:14px;}.elementor-1269 .elementor-element.elementor-element-3e54635{--padding-top:30px;--padding-bottom:30px;--padding-left:30px;--padding-right:30px;}.elementor-1269 .elementor-element.elementor-element-615ff72{font-size:14px;}.elementor-1269 .elementor-element.elementor-element-baf13fb img{height:200px;}}@media(max-width:767px){.elementor-1269 .elementor-element.elementor-element-c0eef68 > .elementor-container{min-height:175px;}.elementor-1269 .elementor-element.elementor-element-c0eef68{padding:60px 0px 0px 0px;}.elementor-1269 .elementor-element.elementor-element-19e751b{text-align:center;}.elementor-1269 .elementor-element.elementor-element-19e751b .elementor-heading-title{font-size:26px;}.elementor-1269 .elementor-element.elementor-element-90df396{--padding-top:30px;--padding-bottom:30px;--padding-left:10px;--padding-right:10px;}.elementor-1269 .elementor-element.elementor-element-8e86084{--margin-top:0px;--margin-bottom:0px;--margin-left:0px;--margin-right:0px;}.elementor-1269 .elementor-element.elementor-element-8a69e42{text-align:center;font-size:14px;}.elementor-1269 .elementor-element.elementor-element-3e54635{--padding-top:30px;--padding-bottom:30px;--padding-left:10px;--padding-right:10px;}.elementor-1269 .elementor-element.elementor-element-c856f97{--margin-top:0px;--margin-bottom:0px;--margin-left:0px;--margin-right:0px;}.elementor-1269 .elementor-element.elementor-element-615ff72{text-align:center;font-size:14px;}}<\/style>\t\t<div data-elementor-type=\"wp-page\" data-elementor-id=\"1269\" class=\"elementor elementor-1269 elementor-130\" data-elementor-post-type=\"page\">\n\t\t\t\t\t\t<section class=\"elementor-section elementor-top-section elementor-element elementor-element-c0eef68 elementor-section-height-min-height elementor-section-content-middle elementor-section-boxed elementor-section-height-default elementor-section-items-middle\" data-id=\"c0eef68\" data-element_type=\"section\" data-e-type=\"section\" data-settings=\"{&quot;background_background&quot;:&quot;classic&quot;}\">\n\t\t\t\t\t\t\t<div class=\"elementor-background-overlay\"><\/div>\n\t\t\t\t\t\t\t<div class=\"elementor-container elementor-column-gap-default\">\n\t\t\t\t\t<div class=\"elementor-column elementor-col-100 elementor-top-column elementor-element elementor-element-04733c6 elementor-invisible\" data-id=\"04733c6\" data-element_type=\"column\" data-e-type=\"column\" data-settings=\"{&quot;animation&quot;:&quot;fadeInUp&quot;}\">\n\t\t\t<div class=\"elementor-widget-wrap elementor-element-populated\">\n\t\t\t\t\t\t<div class=\"elementor-element elementor-element-19e751b elementor-widget elementor-widget-heading\" data-id=\"19e751b\" data-element_type=\"widget\" data-e-type=\"widget\" data-widget_type=\"heading.default\">\n\t\t\t\t<div class=\"elementor-widget-container\">\n\t\t\t\t\t<h3 class=\"elementor-heading-title elementor-size-default\">Ventilating facades<\/h3>\t\t\t\t<\/div>\n\t\t\t\t<\/div>\n\t\t\t\t\t<\/div>\n\t\t<\/div>\n\t\t\t\t\t<\/div>\n\t\t<\/section>\n\t\t<div class=\"elementor-element elementor-element-90df396 e-flex e-con-boxed e-con e-parent\" data-id=\"90df396\" data-element_type=\"container\" data-e-type=\"container\">\n\t\t\t\t\t<div class=\"e-con-inner\">\n\t\t<div class=\"elementor-element elementor-element-8e86084 e-con-full e-flex e-con e-child\" data-id=\"8e86084\" data-element_type=\"container\" data-e-type=\"container\">\n\t\t\t\t<div class=\"elementor-element elementor-element-8a69e42 elementor-invisible elementor-widget elementor-widget-text-editor\" data-id=\"8a69e42\" data-element_type=\"widget\" data-e-type=\"widget\" data-settings=\"{&quot;_animation&quot;:&quot;fadeInDown&quot;}\" data-widget_type=\"text-editor.default\">\n\t\t\t\t<div class=\"elementor-widget-container\">\n\t\t\t\t\t\t\t\t\t<p class=\"article-lead\"><strong>While in previous decades ventilated fa\u00e7ades were mainly used in office and public buildings, in recent years they are increasingly being used in the construction and renovation of new private houses.<\/strong><\/p>\n<p>Fa\u00e7ade solutions can be broadly divided into two types: ventilated systems and classic plaster and brick fa\u00e7ades. In a ventilated system, the back of the fa\u00e7ade roof is well ventilated. This ensures the longevity and good appearance of the fa\u00e7ade covering.<\/p>\n<p>There is a wide range of ventilated systems, with wood, ceramics, metal, artificial and natural stone, as well as composite materials, all available as fa\u00e7ade coverings. In common parlance, such fa\u00e7ade systems are referred to as breathing, but this expression does not describe the actual physico-structural process.<\/p>\n\t\t\t\t\t\t\t\t<\/div>\n\t\t\t\t<\/div>\n\t\t\t\t<\/div>\n\t\t<div class=\"elementor-element elementor-element-cd7d76a e-con-full e-flex e-con e-child\" data-id=\"cd7d76a\" data-element_type=\"container\" data-e-type=\"container\">\n\t\t\t\t<div class=\"elementor-element elementor-element-136121a elementor-widget elementor-widget-image\" data-id=\"136121a\" data-element_type=\"widget\" data-e-type=\"widget\" data-widget_type=\"image.default\">\n\t\t\t\t<div class=\"elementor-widget-container\">\n\t\t\t\t\t\t\t\t\t\t\t\t\t\t\t<img fetchpriority=\"high\" decoding=\"async\" width=\"800\" height=\"800\" src=\"https:\/\/fastfassaad.ee\/wp-content\/uploads\/2024\/02\/Ventilated-facade-system-for-visible-fixing-of.jpg\" class=\"attachment-large size-large wp-image-1270\" alt=\"\" srcset=\"https:\/\/fastfassaad.ee\/wp-content\/uploads\/2024\/02\/Ventilated-facade-system-for-visible-fixing-of.jpg 1000w, https:\/\/fastfassaad.ee\/wp-content\/uploads\/2024\/02\/Ventilated-facade-system-for-visible-fixing-of-300x300.jpg 300w, https:\/\/fastfassaad.ee\/wp-content\/uploads\/2024\/02\/Ventilated-facade-system-for-visible-fixing-of-150x150.jpg 150w, https:\/\/fastfassaad.ee\/wp-content\/uploads\/2024\/02\/Ventilated-facade-system-for-visible-fixing-of-768x768.jpg 768w\" sizes=\"(max-width: 800px) 100vw, 800px\" \/>\t\t\t\t\t\t\t\t\t\t\t\t\t\t\t<\/div>\n\t\t\t\t<\/div>\n\t\t\t\t<\/div>\n\t\t\t\t\t<\/div>\n\t\t\t\t<\/div>\n\t\t<div class=\"elementor-element elementor-element-3e54635 e-flex e-con-boxed e-con e-parent\" data-id=\"3e54635\" data-element_type=\"container\" data-e-type=\"container\">\n\t\t\t\t\t<div class=\"e-con-inner\">\n\t\t<div class=\"elementor-element elementor-element-c856f97 e-con-full e-flex e-con e-child\" data-id=\"c856f97\" data-element_type=\"container\" data-e-type=\"container\">\n\t\t\t\t<div class=\"elementor-element elementor-element-615ff72 elementor-invisible elementor-widget elementor-widget-text-editor\" data-id=\"615ff72\" data-element_type=\"widget\" data-e-type=\"widget\" data-settings=\"{&quot;_animation&quot;:&quot;fadeInDown&quot;}\" data-widget_type=\"text-editor.default\">\n\t\t\t\t<div class=\"elementor-widget-container\">\n\t\t\t\t\t\t\t\t\t<p>The latest and most durable is the ventilated render fa\u00e7ade, where the finishing render is applied to a cementitious or other material substrate, with an air gap behind it to allow water vapour that penetrates through the barrier to escape without damaging the fa\u00e7ade surface. This type of fa\u00e7ade solution is new in Estonia because of its high cost, but is already widely used elsewhere. This is particularly suitable in our climate, where the difference between indoor and outdoor temperatures is large most of the year, resulting in an intensive movement of water vapour from a warmer room to a colder one &#8211; the outdoors.<\/p>\n<p>The growing popularity of ventilated systems is also reflected in the design of classic stone and plaster fa\u00e7ades as ventilated. Unfortunately, they are still rarely used in Estonia, due to the scarcity of knowledge and their apparently higher price. In fact, a solution that is cheap at the time of construction usually turns out to be considerably more expensive during its lifetime, due to high maintenance costs and short lifetime.<\/p>\n\t\t\t\t\t\t\t\t<\/div>\n\t\t\t\t<\/div>\n\t\t\t\t<\/div>\n\t\t<div class=\"elementor-element elementor-element-c89dcec e-con-full e-flex e-con e-child\" data-id=\"c89dcec\" data-element_type=\"container\" data-e-type=\"container\">\n\t\t\t\t<div class=\"elementor-element elementor-element-baf13fb elementor-widget elementor-widget-image\" data-id=\"baf13fb\" data-element_type=\"widget\" data-e-type=\"widget\" data-widget_type=\"image.default\">\n\t\t\t\t<div class=\"elementor-widget-container\">\n\t\t\t\t\t\t\t\t\t\t\t\t\t\t\t<img decoding=\"async\" width=\"267\" height=\"189\" src=\"https:\/\/fastfassaad.ee\/wp-content\/uploads\/2024\/02\/ventilated-1.jpg\" class=\"attachment-large size-large wp-image-1271\" alt=\"\" \/>\t\t\t\t\t\t\t\t\t\t\t\t\t\t\t<\/div>\n\t\t\t\t<\/div>\n\t\t\t\t<\/div>\n\t\t\t\t\t<\/div>\n\t\t\t\t<\/div>\n\t\t\t\t<\/div>\n\t\t","protected":false},"excerpt":{"rendered":"<p>Ventilating facades While in previous decades ventilated fa\u00e7ades were mainly used in office and public buildings, in recent years they are increasingly being used in the construction and renovation of new private houses. Fa\u00e7ade solutions can be broadly divided into two types: ventilated systems and classic plaster and brick fa\u00e7ades. In a ventilated system, the [&hellip;]<\/p>\n","protected":false},"author":1,"featured_media":0,"parent":1433,"menu_order":0,"comment_status":"closed","ping_status":"closed","template":"elementor_header_footer","meta":{"inline_featured_image":false,"footnotes":""},"class_list":["post-1269","page","type-page","status-publish","hentry"],"_links":{"self":[{"href":"https:\/\/fastfassaad.ee\/en\/wp-json\/wp\/v2\/pages\/1269","targetHints":{"allow":["GET"]}}],"collection":[{"href":"https:\/\/fastfassaad.ee\/en\/wp-json\/wp\/v2\/pages"}],"about":[{"href":"https:\/\/fastfassaad.ee\/en\/wp-json\/wp\/v2\/types\/page"}],"author":[{"embeddable":true,"href":"https:\/\/fastfassaad.ee\/en\/wp-json\/wp\/v2\/users\/1"}],"replies":[{"embeddable":true,"href":"https:\/\/fastfassaad.ee\/en\/wp-json\/wp\/v2\/comments?post=1269"}],"version-history":[{"count":3,"href":"https:\/\/fastfassaad.ee\/en\/wp-json\/wp\/v2\/pages\/1269\/revisions"}],"predecessor-version":[{"id":1371,"href":"https:\/\/fastfassaad.ee\/en\/wp-json\/wp\/v2\/pages\/1269\/revisions\/1371"}],"up":[{"embeddable":true,"href":"https:\/\/fastfassaad.ee\/en\/wp-json\/wp\/v2\/pages\/1433"}],"wp:attachment":[{"href":"https:\/\/fastfassaad.ee\/en\/wp-json\/wp\/v2\/media?parent=1269"}],"curies":[{"name":"wp","href":"https:\/\/api.w.org\/{rel}","templated":true}]}}