{"id":1165,"date":"2024-03-20T14:30:26","date_gmt":"2024-03-20T14:30:26","guid":{"rendered":"https:\/\/fastfassaad.vdisain.dev\/graffitien-poisto\/"},"modified":"2024-04-01T10:53:10","modified_gmt":"2024-04-01T10:53:10","slug":"graffitien-poisto","status":"publish","type":"page","link":"https:\/\/fastfassaad.ee\/fi\/graffitien-poisto\/","title":{"rendered":"Graffitien poisto"},"content":{"rendered":"<style>.elementor-1165 .elementor-element.elementor-element-c0eef68 > .elementor-container{min-height:300px;}.elementor-1165 .elementor-element.elementor-element-c0eef68 > .elementor-container > .elementor-column > .elementor-widget-wrap{align-content:center;align-items:center;}.elementor-1165 .elementor-element.elementor-element-c0eef68:not(.elementor-motion-effects-element-type-background), .elementor-1165 .elementor-element.elementor-element-c0eef68 > .elementor-motion-effects-container > .elementor-motion-effects-layer{background-color:var( --e-global-color-text );background-image:url(\"https:\/\/fastfassaad.ee\/wp-content\/uploads\/2024\/02\/facade-2021-08-28-22-29-36-utc.webp\");background-position:top center;background-size:cover;}.elementor-1165 .elementor-element.elementor-element-c0eef68 > .elementor-background-overlay{background-color:var( --e-global-color-text );opacity:0.65;transition:background 0.3s, border-radius 0.3s, opacity 0.3s;}.elementor-1165 .elementor-element.elementor-element-c0eef68{transition:background 0.3s, border 0.3s, border-radius 0.3s, box-shadow 0.3s;padding:100px 0px 0px 0px;}.elementor-1165 .elementor-element.elementor-element-19e751b .elementor-heading-title{font-family:\"Orbitron\", Sans-serif;font-size:42px;color:var( --e-global-color-5ac3c84 );}.elementor-1165 .elementor-element.elementor-element-c6a1390 .elementor-heading-title{font-family:\"Orbitron\", Sans-serif;font-size:28px;color:var( --e-global-color-5ac3c84 );}.elementor-1165 .elementor-element.elementor-element-90df396{--display:flex;--flex-direction:row;--container-widget-width:calc( ( 1 - var( --container-widget-flex-grow ) ) * 100% );--container-widget-height:100%;--container-widget-flex-grow:1;--container-widget-align-self:stretch;--flex-wrap-mobile:wrap;--align-items:stretch;--gap:10px 10px;--row-gap:10px;--column-gap:10px;--margin-top:0px;--margin-bottom:0px;--margin-left:0px;--margin-right:0px;--padding-top:40px;--padding-bottom:40px;--padding-left:0px;--padding-right:0px;}.elementor-1165 .elementor-element.elementor-element-8e86084{--display:flex;--justify-content:center;--margin-top:0px;--margin-bottom:0px;--margin-left:0px;--margin-right:0px;--padding-top:0px;--padding-bottom:0px;--padding-left:0px;--padding-right:0px;}.elementor-1165 .elementor-element.elementor-element-8a69e42{font-family:\"Poppins\", Sans-serif;font-size:16px;font-weight:400;color:var( --e-global-color-text );}.elementor-1165 .elementor-element.elementor-element-8a69e42 > .elementor-widget-container{margin:0px 0px 0px 0px;padding:0px 0px 0px 0px;}.elementor-1165 .elementor-element.elementor-element-ba0b3ba{--display:flex;--flex-direction:row;--container-widget-width:calc( ( 1 - var( --container-widget-flex-grow ) ) * 100% );--container-widget-height:100%;--container-widget-flex-grow:1;--container-widget-align-self:stretch;--flex-wrap-mobile:wrap;--justify-content:flex-start;--align-items:stretch;--gap:40px 40px;--row-gap:40px;--column-gap:40px;--margin-top:0px;--margin-bottom:0px;--margin-left:0px;--margin-right:0px;--padding-top:0px;--padding-bottom:45px;--padding-left:0px;--padding-right:0px;}.elementor-1165 .elementor-element.elementor-element-b5e62fa{--display:flex;--justify-content:center;--margin-top:0px;--margin-bottom:0px;--margin-left:0px;--margin-right:0px;--padding-top:0px;--padding-bottom:0px;--padding-left:0px;--padding-right:0px;}.elementor-1165 .elementor-element.elementor-element-bbaa952 img{width:100%;height:350px;object-fit:cover;object-position:center center;}.elementor-1165 .elementor-element.elementor-element-01ac8b5{--display:flex;--justify-content:center;--gap:20px 20px;--row-gap:20px;--column-gap:20px;--margin-top:0px;--margin-bottom:0px;--margin-left:0px;--margin-right:0px;--padding-top:0px;--padding-bottom:0px;--padding-left:0px;--padding-right:0px;}.elementor-1165 .elementor-element.elementor-element-fda4bc8 .elementor-heading-title{font-family:\"Orbitron\", Sans-serif;font-size:26px;font-weight:600;color:var( --e-global-color-text );}.elementor-1165 .elementor-element.elementor-element-9bb71ac{font-family:\"Poppins\", Sans-serif;font-size:16px;font-weight:400;color:var( --e-global-color-text );}.elementor-1165 .elementor-element.elementor-element-9bb71ac > .elementor-widget-container{margin:0px 0px 0px 0px;padding:0px 0px 0px 0px;}.elementor-1165 .elementor-element.elementor-element-aed522e{--display:flex;--flex-direction:row;--container-widget-width:calc( ( 1 - var( --container-widget-flex-grow ) ) * 100% );--container-widget-height:100%;--container-widget-flex-grow:1;--container-widget-align-self:stretch;--flex-wrap-mobile:wrap;--justify-content:flex-start;--align-items:stretch;--gap:40px 40px;--row-gap:40px;--column-gap:40px;--margin-top:0px;--margin-bottom:0px;--margin-left:0px;--margin-right:0px;--padding-top:0px;--padding-bottom:45px;--padding-left:0px;--padding-right:0px;}.elementor-1165 .elementor-element.elementor-element-4346aff{--display:flex;--justify-content:center;--gap:20px 20px;--row-gap:20px;--column-gap:20px;--margin-top:0px;--margin-bottom:0px;--margin-left:0px;--margin-right:0px;--padding-top:0px;--padding-bottom:0px;--padding-left:0px;--padding-right:0px;}.elementor-1165 .elementor-element.elementor-element-9b2e42e .elementor-heading-title{font-family:\"Orbitron\", Sans-serif;font-size:26px;font-weight:600;color:var( --e-global-color-text );}.elementor-1165 .elementor-element.elementor-element-19f90d1{font-size:16px;}.elementor-1165 .elementor-element.elementor-element-87edf65{--display:flex;--justify-content:center;--margin-top:0px;--margin-bottom:0px;--margin-left:0px;--margin-right:0px;--padding-top:0px;--padding-bottom:0px;--padding-left:0px;--padding-right:0px;}.elementor-1165 .elementor-element.elementor-element-ddaa3cd img{width:100%;height:350px;object-fit:cover;object-position:center center;}.elementor-1165 .elementor-element.elementor-element-1270113{--display:flex;--flex-direction:row;--container-widget-width:calc( ( 1 - var( --container-widget-flex-grow ) ) * 100% );--container-widget-height:100%;--container-widget-flex-grow:1;--container-widget-align-self:stretch;--flex-wrap-mobile:wrap;--align-items:stretch;--gap:10px 10px;--row-gap:10px;--column-gap:10px;--margin-top:0px;--margin-bottom:0px;--margin-left:0px;--margin-right:0px;--padding-top:40px;--padding-bottom:40px;--padding-left:0px;--padding-right:0px;}.elementor-1165 .elementor-element.elementor-element-a50a2dc{--display:flex;--justify-content:center;--gap:20px 20px;--row-gap:20px;--column-gap:20px;--margin-top:0px;--margin-bottom:0px;--margin-left:0px;--margin-right:0px;--padding-top:0px;--padding-bottom:0px;--padding-left:0px;--padding-right:0px;}.elementor-1165 .elementor-element.elementor-element-1c55050{text-align:start;}.elementor-1165 .elementor-element.elementor-element-1c55050 .elementor-heading-title{font-family:\"Orbitron\", Sans-serif;font-size:26px;font-weight:600;color:var( --e-global-color-text );}.elementor-1165 .elementor-element.elementor-element-0fcccd7{text-align:start;font-family:\"Poppins\", Sans-serif;font-size:16px;font-weight:400;color:var( --e-global-color-text );}.elementor-1165 .elementor-element.elementor-element-0fcccd7 > .elementor-widget-container{margin:0px 0px 0px 0px;padding:0px 0px 0px 0px;}@media(min-width:768px){.elementor-1165 .elementor-element.elementor-element-8e86084{--width:100%;}.elementor-1165 .elementor-element.elementor-element-b5e62fa{--width:100%;}.elementor-1165 .elementor-element.elementor-element-01ac8b5{--width:100%;}.elementor-1165 .elementor-element.elementor-element-4346aff{--width:100%;}.elementor-1165 .elementor-element.elementor-element-87edf65{--width:100%;}.elementor-1165 .elementor-element.elementor-element-a50a2dc{--width:100%;}}@media(max-width:1024px){.elementor-1165 .elementor-element.elementor-element-c0eef68 > .elementor-container{min-height:250px;}.elementor-1165 .elementor-element.elementor-element-c0eef68{margin-top:0px;margin-bottom:0px;padding:60px 30px 0px 30px;}.elementor-1165 .elementor-element.elementor-element-04733c6 > .elementor-element-populated{padding:0px 0px 0px 0px;}.elementor-1165 .elementor-element.elementor-element-19e751b .elementor-heading-title{font-size:26px;}.elementor-1165 .elementor-element.elementor-element-c6a1390 .elementor-heading-title{font-size:26px;}.elementor-1165 .elementor-element.elementor-element-90df396{--padding-top:30px;--padding-bottom:30px;--padding-left:30px;--padding-right:30px;}.elementor-1165 .elementor-element.elementor-element-8a69e42{font-size:14px;}.elementor-1165 .elementor-element.elementor-element-ba0b3ba{--padding-top:30px;--padding-bottom:30px;--padding-left:30px;--padding-right:30px;}.elementor-1165 .elementor-element.elementor-element-fda4bc8 .elementor-heading-title{font-size:26px;}.elementor-1165 .elementor-element.elementor-element-9bb71ac{font-size:14px;}.elementor-1165 .elementor-element.elementor-element-aed522e{--padding-top:30px;--padding-bottom:30px;--padding-left:30px;--padding-right:30px;}.elementor-1165 .elementor-element.elementor-element-9b2e42e .elementor-heading-title{font-size:26px;}.elementor-1165 .elementor-element.elementor-element-1270113{--padding-top:30px;--padding-bottom:30px;--padding-left:30px;--padding-right:30px;}.elementor-1165 .elementor-element.elementor-element-1c55050 .elementor-heading-title{font-size:26px;}.elementor-1165 .elementor-element.elementor-element-0fcccd7{font-size:14px;}}@media(max-width:767px){.elementor-1165 .elementor-element.elementor-element-c0eef68 > .elementor-container{min-height:175px;}.elementor-1165 .elementor-element.elementor-element-c0eef68{padding:100px 0px 40px 0px;}.elementor-1165 .elementor-element.elementor-element-19e751b{text-align:center;}.elementor-1165 .elementor-element.elementor-element-19e751b .elementor-heading-title{font-size:24px;}.elementor-1165 .elementor-element.elementor-element-c6a1390{text-align:center;}.elementor-1165 .elementor-element.elementor-element-c6a1390 .elementor-heading-title{font-size:20px;}.elementor-1165 .elementor-element.elementor-element-90df396{--padding-top:30px;--padding-bottom:0px;--padding-left:10px;--padding-right:10px;}.elementor-1165 .elementor-element.elementor-element-8e86084{--margin-top:0px;--margin-bottom:0px;--margin-left:0px;--margin-right:0px;}.elementor-1165 .elementor-element.elementor-element-8a69e42{text-align:center;font-size:16px;}.elementor-1165 .elementor-element.elementor-element-ba0b3ba{--padding-top:30px;--padding-bottom:30px;--padding-left:10px;--padding-right:10px;}.elementor-1165 .elementor-element.elementor-element-b5e62fa{--margin-top:0px;--margin-bottom:0px;--margin-left:0px;--margin-right:0px;}.elementor-1165 .elementor-element.elementor-element-01ac8b5{--margin-top:0px;--margin-bottom:0px;--margin-left:0px;--margin-right:0px;}.elementor-1165 .elementor-element.elementor-element-fda4bc8{text-align:center;}.elementor-1165 .elementor-element.elementor-element-fda4bc8 .elementor-heading-title{font-size:28px;}.elementor-1165 .elementor-element.elementor-element-9bb71ac{text-align:center;font-size:16px;}.elementor-1165 .elementor-element.elementor-element-aed522e{--padding-top:30px;--padding-bottom:30px;--padding-left:10px;--padding-right:10px;}.elementor-1165 .elementor-element.elementor-element-4346aff{--margin-top:0px;--margin-bottom:0px;--margin-left:0px;--margin-right:0px;}.elementor-1165 .elementor-element.elementor-element-9b2e42e{text-align:center;}.elementor-1165 .elementor-element.elementor-element-9b2e42e .elementor-heading-title{font-size:28px;}.elementor-1165 .elementor-element.elementor-element-87edf65{--margin-top:0px;--margin-bottom:0px;--margin-left:0px;--margin-right:0px;}.elementor-1165 .elementor-element.elementor-element-1270113{--padding-top:30px;--padding-bottom:30px;--padding-left:10px;--padding-right:10px;}.elementor-1165 .elementor-element.elementor-element-a50a2dc{--margin-top:0px;--margin-bottom:0px;--margin-left:0px;--margin-right:0px;}.elementor-1165 .elementor-element.elementor-element-1c55050{text-align:center;}.elementor-1165 .elementor-element.elementor-element-1c55050 .elementor-heading-title{font-size:28px;}.elementor-1165 .elementor-element.elementor-element-0fcccd7{text-align:center;font-size:16px;}}<\/style>\t\t<div data-elementor-type=\"wp-page\" data-elementor-id=\"1165\" class=\"elementor elementor-1165 elementor-457\" data-elementor-post-type=\"page\">\n\t\t\t\t\t\t<section class=\"elementor-section elementor-top-section elementor-element elementor-element-c0eef68 elementor-section-height-min-height elementor-section-content-middle elementor-section-boxed elementor-section-height-default elementor-section-items-middle\" data-id=\"c0eef68\" data-element_type=\"section\" data-e-type=\"section\" data-settings=\"{&quot;background_background&quot;:&quot;classic&quot;}\">\n\t\t\t\t\t\t\t<div class=\"elementor-background-overlay\"><\/div>\n\t\t\t\t\t\t\t<div class=\"elementor-container elementor-column-gap-default\">\n\t\t\t\t\t<div class=\"elementor-column elementor-col-100 elementor-top-column elementor-element elementor-element-04733c6 elementor-invisible\" data-id=\"04733c6\" data-element_type=\"column\" data-e-type=\"column\" data-settings=\"{&quot;animation&quot;:&quot;fadeInUp&quot;}\">\n\t\t\t<div class=\"elementor-widget-wrap elementor-element-populated\">\n\t\t\t\t\t\t<div class=\"elementor-element elementor-element-19e751b elementor-widget elementor-widget-heading\" data-id=\"19e751b\" data-element_type=\"widget\" data-e-type=\"widget\" data-widget_type=\"heading.default\">\n\t\t\t\t<div class=\"elementor-widget-container\">\n\t\t\t\t\t<h1 class=\"elementor-heading-title elementor-size-default\">Grafiitin poisto ja suojak\u00e4sittely<\/h1>\t\t\t\t<\/div>\n\t\t\t\t<\/div>\n\t\t\t\t<div class=\"elementor-element elementor-element-c6a1390 elementor-widget elementor-widget-heading\" data-id=\"c6a1390\" data-element_type=\"widget\" data-e-type=\"widget\" data-widget_type=\"heading.default\">\n\t\t\t\t<div class=\"elementor-widget-container\">\n\t\t\t\t\t<h2 class=\"elementor-heading-title elementor-size-default\">Tallinnassa, Tartossa, P\u00e4rnussa ja kaikkialla Virossa.<\/h2>\t\t\t\t<\/div>\n\t\t\t\t<\/div>\n\t\t\t\t\t<\/div>\n\t\t<\/div>\n\t\t\t\t\t<\/div>\n\t\t<\/section>\n\t\t<div class=\"elementor-element elementor-element-90df396 e-flex e-con-boxed e-con e-parent\" data-id=\"90df396\" data-element_type=\"container\" data-e-type=\"container\">\n\t\t\t\t\t<div class=\"e-con-inner\">\n\t\t<div class=\"elementor-element elementor-element-8e86084 e-con-full e-flex e-con e-child\" data-id=\"8e86084\" data-element_type=\"container\" data-e-type=\"container\">\n\t\t\t\t<div class=\"elementor-element elementor-element-8a69e42 elementor-invisible elementor-widget elementor-widget-text-editor\" data-id=\"8a69e42\" data-element_type=\"widget\" data-e-type=\"widget\" data-settings=\"{&quot;_animation&quot;:&quot;fadeInDown&quot;}\" data-widget_type=\"text-editor.default\">\n\t\t\t\t<div class=\"elementor-widget-container\">\n\t\t\t\t\t\t\t\t\t<p><span style=\"font-weight: 400;\">Haluatko saada talosi, ovet, ikkunat tai muut pinnat puhtaiksi nopeasti ja tehokkaasti? FastFa\u00e7ade tarjoaa ammattimaista graffitien poisto- ja suojak\u00e4sittelypalvelua, joka auttaa palauttamaan kiinteist\u00f6si esteettisen ulkon\u00e4\u00f6n.<\/span><\/p>\n\t\t\t\t\t\t\t\t<\/div>\n\t\t\t\t<\/div>\n\t\t\t\t<\/div>\n\t\t\t\t\t<\/div>\n\t\t\t\t<\/div>\n\t\t<div class=\"elementor-element elementor-element-ba0b3ba e-flex e-con-boxed e-con e-parent\" data-id=\"ba0b3ba\" data-element_type=\"container\" data-e-type=\"container\">\n\t\t\t\t\t<div class=\"e-con-inner\">\n\t\t<div class=\"elementor-element elementor-element-b5e62fa e-con-full e-flex e-con e-child\" data-id=\"b5e62fa\" data-element_type=\"container\" data-e-type=\"container\">\n\t\t\t\t<div class=\"elementor-element elementor-element-bbaa952 elementor-widget elementor-widget-image\" data-id=\"bbaa952\" data-element_type=\"widget\" data-e-type=\"widget\" data-widget_type=\"image.default\">\n\t\t\t\t<div class=\"elementor-widget-container\">\n\t\t\t\t\t\t\t\t\t\t\t\t\t\t\t<img fetchpriority=\"high\" decoding=\"async\" width=\"800\" height=\"600\" src=\"https:\/\/fastfassaad.ee\/wp-content\/uploads\/2024\/02\/IMG_4749-1030x773-1-1024x768.webp\" class=\"attachment-large size-large wp-image-2621\" alt=\"fasaadi v\u00e4rvimine\" srcset=\"https:\/\/fastfassaad.ee\/wp-content\/uploads\/2024\/02\/IMG_4749-1030x773-1-1024x768.webp 1024w, https:\/\/fastfassaad.ee\/wp-content\/uploads\/2024\/02\/IMG_4749-1030x773-1-300x225.webp 300w, https:\/\/fastfassaad.ee\/wp-content\/uploads\/2024\/02\/IMG_4749-1030x773-1-768x576.webp 768w, https:\/\/fastfassaad.ee\/wp-content\/uploads\/2024\/02\/IMG_4749-1030x773-1.webp 1030w\" sizes=\"(max-width: 800px) 100vw, 800px\" \/>\t\t\t\t\t\t\t\t\t\t\t\t\t\t\t<\/div>\n\t\t\t\t<\/div>\n\t\t\t\t<\/div>\n\t\t<div class=\"elementor-element elementor-element-01ac8b5 e-con-full e-flex e-con e-child\" data-id=\"01ac8b5\" data-element_type=\"container\" data-e-type=\"container\">\n\t\t\t\t<div class=\"elementor-element elementor-element-fda4bc8 elementor-widget elementor-widget-heading\" data-id=\"fda4bc8\" data-element_type=\"widget\" data-e-type=\"widget\" data-widget_type=\"heading.default\">\n\t\t\t\t<div class=\"elementor-widget-container\">\n\t\t\t\t\t<h2 class=\"elementor-heading-title elementor-size-default\">Miksi valita meid\u00e4t?<\/h2>\t\t\t\t<\/div>\n\t\t\t\t<\/div>\n\t\t\t\t<div class=\"elementor-element elementor-element-9bb71ac elementor-invisible elementor-widget elementor-widget-text-editor\" data-id=\"9bb71ac\" data-element_type=\"widget\" data-e-type=\"widget\" data-settings=\"{&quot;_animation&quot;:&quot;fadeInDown&quot;}\" data-widget_type=\"text-editor.default\">\n\t\t\t\t<div class=\"elementor-widget-container\">\n\t\t\t\t\t\t\t\t\t<p><span style=\"font-weight: 400;\">Graffitit voivat olla h\u00e4iritsev\u00e4 ongelma julkisissa tiloissa, sill\u00e4 ne vahingoittavat nopeasti rakennuksia ja muita esineit\u00e4. FastFa\u00e7adella on oikeat ty\u00f6kalut ja asiantuntemus grafiitin tehokkaaseen ja turvalliseen poistamiseen alustaa vahingoittamatta.<\/span><\/p>\n\t\t\t\t\t\t\t\t<\/div>\n\t\t\t\t<\/div>\n\t\t\t\t<\/div>\n\t\t\t\t\t<\/div>\n\t\t\t\t<\/div>\n\t\t<div class=\"elementor-element elementor-element-aed522e e-flex e-con-boxed e-con e-parent\" data-id=\"aed522e\" data-element_type=\"container\" data-e-type=\"container\">\n\t\t\t\t\t<div class=\"e-con-inner\">\n\t\t<div class=\"elementor-element elementor-element-4346aff e-con-full e-flex e-con e-child\" data-id=\"4346aff\" data-element_type=\"container\" data-e-type=\"container\">\n\t\t\t\t<div class=\"elementor-element elementor-element-9b2e42e elementor-widget elementor-widget-heading\" data-id=\"9b2e42e\" data-element_type=\"widget\" data-e-type=\"widget\" data-widget_type=\"heading.default\">\n\t\t\t\t<div class=\"elementor-widget-container\">\n\t\t\t\t\t<h2 class=\"elementor-heading-title elementor-size-default\">Palvelumme:<\/h2>\t\t\t\t<\/div>\n\t\t\t\t<\/div>\n\t\t\t\t<div class=\"elementor-element elementor-element-19f90d1 elementor-widget elementor-widget-text-editor\" data-id=\"19f90d1\" data-element_type=\"widget\" data-e-type=\"widget\" data-widget_type=\"text-editor.default\">\n\t\t\t\t<div class=\"elementor-widget-container\">\n\t\t\t\t\t\t\t\t\t<ol>\n<li><b>Grafiitin poisto<\/b>: K\u00e4yt\u00e4mme erikoismenetelmi\u00e4 ja ymp\u00e4rist\u00f6yst\u00e4v\u00e4llisi\u00e4 ty\u00f6kaluja, kuten kuumavesipainepesua ja GRAFFIGUARD 2030 -liuosta, grafiitin poistamiseen erilaisilta pinnoilta, kuten lasista, rapatuista julkisivuista ja muista herkist\u00e4 pinnoista.<\/li>\n<li><b>Suojak\u00e4sittely<\/b>: ennaltaehk\u00e4isev\u00e4n\u00e4 toimenpiteen\u00e4 suosittelemme pintojen k\u00e4sittely\u00e4 graffitien vastaisella suoja-aineella, joka auttaa est\u00e4m\u00e4\u00e4n graffitien imeytymist\u00e4 pinnan huokosiin ja helpottaa tulevaa poistoty\u00f6t\u00e4.<\/li>\n<\/ol>\n\t\t\t\t\t\t\t\t<\/div>\n\t\t\t\t<\/div>\n\t\t\t\t<\/div>\n\t\t<div class=\"elementor-element elementor-element-87edf65 e-con-full e-flex e-con e-child\" data-id=\"87edf65\" data-element_type=\"container\" data-e-type=\"container\">\n\t\t\t\t<div class=\"elementor-element elementor-element-ddaa3cd elementor-widget elementor-widget-image\" data-id=\"ddaa3cd\" data-element_type=\"widget\" data-e-type=\"widget\" data-widget_type=\"image.default\">\n\t\t\t\t<div class=\"elementor-widget-container\">\n\t\t\t\t\t\t\t\t\t\t\t\t\t\t\t<img decoding=\"async\" width=\"800\" height=\"600\" src=\"https:\/\/fastfassaad.ee\/wp-content\/uploads\/2024\/02\/IMG_5319-1030x773-1-1024x768.webp\" class=\"attachment-large size-large wp-image-2647\" alt=\"\" srcset=\"https:\/\/fastfassaad.ee\/wp-content\/uploads\/2024\/02\/IMG_5319-1030x773-1-1024x768.webp 1024w, https:\/\/fastfassaad.ee\/wp-content\/uploads\/2024\/02\/IMG_5319-1030x773-1-300x225.webp 300w, https:\/\/fastfassaad.ee\/wp-content\/uploads\/2024\/02\/IMG_5319-1030x773-1-768x576.webp 768w, https:\/\/fastfassaad.ee\/wp-content\/uploads\/2024\/02\/IMG_5319-1030x773-1.webp 1030w\" sizes=\"(max-width: 800px) 100vw, 800px\" \/>\t\t\t\t\t\t\t\t\t\t\t\t\t\t\t<\/div>\n\t\t\t\t<\/div>\n\t\t\t\t<\/div>\n\t\t\t\t\t<\/div>\n\t\t\t\t<\/div>\n\t\t<div class=\"elementor-element elementor-element-1270113 e-flex e-con-boxed e-con e-parent\" data-id=\"1270113\" data-element_type=\"container\" data-e-type=\"container\">\n\t\t\t\t\t<div class=\"e-con-inner\">\n\t\t<div class=\"elementor-element elementor-element-a50a2dc e-con-full e-flex e-con e-child\" data-id=\"a50a2dc\" data-element_type=\"container\" data-e-type=\"container\">\n\t\t\t\t<div class=\"elementor-element elementor-element-1c55050 elementor-widget elementor-widget-heading\" data-id=\"1c55050\" data-element_type=\"widget\" data-e-type=\"widget\" data-widget_type=\"heading.default\">\n\t\t\t\t<div class=\"elementor-widget-container\">\n\t\t\t\t\t<h2 class=\"elementor-heading-title elementor-size-default\">Miten tilata?<\/h2>\t\t\t\t<\/div>\n\t\t\t\t<\/div>\n\t\t\t\t<div class=\"elementor-element elementor-element-0fcccd7 elementor-invisible elementor-widget elementor-widget-text-editor\" data-id=\"0fcccd7\" data-element_type=\"widget\" data-e-type=\"widget\" data-settings=\"{&quot;_animation&quot;:&quot;fadeInDown&quot;}\" data-widget_type=\"text-editor.default\">\n\t\t\t\t<div class=\"elementor-widget-container\">\n\t\t\t\t\t\t\t\t\t<p><span style=\"font-weight: 400;\">FastFa\u00e7aden ammattitaitoinen tiimi on valmis tulemaan avuksesi milloin tahansa ja miss\u00e4 tahansa paikassa ymp\u00e4ri Viroa. Jos tarvitset apua graffitien poistamisessa tai haluat suojella kiinteist\u00f6si ennakoivasti, ota meihin yhteytt\u00e4, niin tulemme tarkastamaan kiinteist\u00f6n.<\/span><\/p>\n<p><span style=\"font-weight: 400;\">Pienemmiss\u00e4 t\u00f6iss\u00e4 vesil\u00e4hdett\u00e4 ei tarvita. FastFa\u00e7ade pit\u00e4\u00e4 kiinteist\u00f6si puhtaana ja suojattuna graffiteilta. Ota yhteytt\u00e4 jo t\u00e4n\u00e4\u00e4n!<\/span><\/p>\n\t\t\t\t\t\t\t\t<\/div>\n\t\t\t\t<\/div>\n\t\t\t\t<\/div>\n\t\t\t\t\t<\/div>\n\t\t\t\t<\/div>\n\t\t\t\t<\/div>\n\t\t","protected":false},"excerpt":{"rendered":"<p>Grafiitin poisto ja suojak\u00e4sittely Tallinnassa, Tartossa, P\u00e4rnussa ja kaikkialla Virossa. Haluatko saada talosi, ovet, ikkunat tai muut pinnat puhtaiksi nopeasti ja tehokkaasti? FastFa\u00e7ade tarjoaa ammattimaista graffitien poisto- ja suojak\u00e4sittelypalvelua, joka auttaa palauttamaan kiinteist\u00f6si esteettisen ulkon\u00e4\u00f6n. Miksi valita meid\u00e4t? Graffitit voivat olla h\u00e4iritsev\u00e4 ongelma julkisissa tiloissa, sill\u00e4 ne vahingoittavat nopeasti rakennuksia ja muita esineit\u00e4. FastFa\u00e7adella on [&hellip;]<\/p>\n","protected":false},"author":1,"featured_media":0,"parent":0,"menu_order":0,"comment_status":"closed","ping_status":"closed","template":"elementor_header_footer","meta":{"inline_featured_image":false,"footnotes":""},"class_list":["post-1165","page","type-page","status-publish","hentry"],"_links":{"self":[{"href":"https:\/\/fastfassaad.ee\/fi\/wp-json\/wp\/v2\/pages\/1165","targetHints":{"allow":["GET"]}}],"collection":[{"href":"https:\/\/fastfassaad.ee\/fi\/wp-json\/wp\/v2\/pages"}],"about":[{"href":"https:\/\/fastfassaad.ee\/fi\/wp-json\/wp\/v2\/types\/page"}],"author":[{"embeddable":true,"href":"https:\/\/fastfassaad.ee\/fi\/wp-json\/wp\/v2\/users\/1"}],"replies":[{"embeddable":true,"href":"https:\/\/fastfassaad.ee\/fi\/wp-json\/wp\/v2\/comments?post=1165"}],"version-history":[{"count":3,"href":"https:\/\/fastfassaad.ee\/fi\/wp-json\/wp\/v2\/pages\/1165\/revisions"}],"predecessor-version":[{"id":1198,"href":"https:\/\/fastfassaad.ee\/fi\/wp-json\/wp\/v2\/pages\/1165\/revisions\/1198"}],"wp:attachment":[{"href":"https:\/\/fastfassaad.ee\/fi\/wp-json\/wp\/v2\/media?parent=1165"}],"curies":[{"name":"wp","href":"https:\/\/api.w.org\/{rel}","templated":true}]}}