{"id":1267,"date":"2024-02-12T08:01:25","date_gmt":"2024-02-12T08:01:25","guid":{"rendered":"https:\/\/fastfassaad.vdisain.dev\/tilaa-mennessa\/"},"modified":"2024-04-02T07:33:59","modified_gmt":"2024-04-02T07:33:59","slug":"maksu-erissa","status":"publish","type":"page","link":"https:\/\/fastfassaad.ee\/fi\/maksu-erissa\/","title":{"rendered":"Maksu eriss\u00e4"},"content":{"rendered":"<style>.elementor-1267 .elementor-element.elementor-element-2aaa6aac > .elementor-container{min-height:350px;}.elementor-1267 .elementor-element.elementor-element-2aaa6aac > .elementor-container > .elementor-column > .elementor-widget-wrap{align-content:center;align-items:center;}.elementor-1267 .elementor-element.elementor-element-2aaa6aac:not(.elementor-motion-effects-element-type-background), .elementor-1267 .elementor-element.elementor-element-2aaa6aac > .elementor-motion-effects-container > .elementor-motion-effects-layer{background-color:var( --e-global-color-text );background-image:url(\"https:\/\/fastfassaad.ee\/wp-content\/uploads\/2024\/02\/modern-house-facade-2021-08-27-19-27-44-utc.webp\");background-position:center center;background-size:cover;}.elementor-1267 .elementor-element.elementor-element-2aaa6aac > .elementor-background-overlay{background-color:var( --e-global-color-text );opacity:0.65;transition:background 0.3s, border-radius 0.3s, opacity 0.3s;}.elementor-1267 .elementor-element.elementor-element-2aaa6aac{transition:background 0.3s, border 0.3s, border-radius 0.3s, box-shadow 0.3s;padding:100px 0px 0px 0px;}.elementor-1267 .elementor-element.elementor-element-f86942f .elementor-heading-title{font-family:var( --e-global-typography-034d949-font-family ), Sans-serif;font-size:var( --e-global-typography-034d949-font-size );line-height:var( --e-global-typography-034d949-line-height );letter-spacing:var( --e-global-typography-034d949-letter-spacing );word-spacing:var( --e-global-typography-034d949-word-spacing );color:var( --e-global-color-5ac3c84 );}.elementor-1267 .elementor-element.elementor-element-7451f03{--display:flex;--min-height:400px;--flex-direction:row;--container-widget-width:calc( ( 1 - var( --container-widget-flex-grow ) ) * 100% );--container-widget-height:100%;--container-widget-flex-grow:1;--container-widget-align-self:stretch;--flex-wrap-mobile:wrap;--align-items:center;--gap:10px 10px;--row-gap:10px;--column-gap:10px;--margin-top:0px;--margin-bottom:0px;--margin-left:0px;--margin-right:0px;--padding-top:100px;--padding-bottom:100px;--padding-left:0px;--padding-right:0px;}.elementor-1267 .elementor-element.elementor-element-1c712b5{--display:flex;--margin-top:0px;--margin-bottom:0px;--margin-left:0px;--margin-right:30px;--padding-top:0px;--padding-bottom:0px;--padding-left:0px;--padding-right:0px;}.elementor-1267 .elementor-element.elementor-element-bc1ba7a img{width:100%;}.elementor-1267 .elementor-element.elementor-element-8e3bc45{--display:flex;--justify-content:center;--margin-top:0px;--margin-bottom:0px;--margin-left:30px;--margin-right:0px;--padding-top:0px;--padding-bottom:0px;--padding-left:0px;--padding-right:0px;}.elementor-1267 .elementor-element.elementor-element-cc1ae3f{font-size:16px;}@media(max-width:1024px){.elementor-1267 .elementor-element.elementor-element-2aaa6aac{padding:100px 30px 0px 30px;}.elementor-1267 .elementor-element.elementor-element-22e0fb7b > .elementor-element-populated{padding:0px 0px 0px 0px;}.elementor-1267 .elementor-element.elementor-element-f86942f .elementor-heading-title{font-size:var( --e-global-typography-034d949-font-size );line-height:var( --e-global-typography-034d949-line-height );letter-spacing:var( --e-global-typography-034d949-letter-spacing );word-spacing:var( --e-global-typography-034d949-word-spacing );}.elementor-1267 .elementor-element.elementor-element-7451f03{--padding-top:0px;--padding-bottom:0px;--padding-left:30px;--padding-right:30px;}}@media(max-width:767px){.elementor-1267 .elementor-element.elementor-element-2aaa6aac{padding:200px 0px 0px 0px;}.elementor-1267 .elementor-element.elementor-element-f86942f{text-align:center;}.elementor-1267 .elementor-element.elementor-element-f86942f .elementor-heading-title{font-size:var( --e-global-typography-034d949-font-size );line-height:var( --e-global-typography-034d949-line-height );letter-spacing:var( --e-global-typography-034d949-letter-spacing );word-spacing:var( --e-global-typography-034d949-word-spacing );}}<\/style>\t\t<div data-elementor-type=\"wp-page\" data-elementor-id=\"1267\" class=\"elementor elementor-1267 elementor-332\" data-elementor-post-type=\"page\">\n\t\t\t\t\t\t<section class=\"elementor-section elementor-top-section elementor-element elementor-element-2aaa6aac elementor-section-height-min-height elementor-section-content-middle elementor-section-boxed elementor-section-height-default elementor-section-items-middle\" data-id=\"2aaa6aac\" data-element_type=\"section\" data-e-type=\"section\" data-settings=\"{&quot;background_background&quot;:&quot;classic&quot;}\">\n\t\t\t\t\t\t\t<div class=\"elementor-background-overlay\"><\/div>\n\t\t\t\t\t\t\t<div class=\"elementor-container elementor-column-gap-default\">\n\t\t\t\t\t<div class=\"elementor-column elementor-col-100 elementor-top-column elementor-element elementor-element-22e0fb7b elementor-invisible\" data-id=\"22e0fb7b\" data-element_type=\"column\" data-e-type=\"column\" data-settings=\"{&quot;animation&quot;:&quot;fadeInUp&quot;}\">\n\t\t\t<div class=\"elementor-widget-wrap elementor-element-populated\">\n\t\t\t\t\t\t<div class=\"elementor-element elementor-element-f86942f elementor-widget elementor-widget-heading\" data-id=\"f86942f\" data-element_type=\"widget\" data-e-type=\"widget\" data-widget_type=\"heading.default\">\n\t\t\t\t<div class=\"elementor-widget-container\">\n\t\t\t\t\t<h3 class=\"elementor-heading-title elementor-size-default\">Maksu eriss\u00e4<\/h3>\t\t\t\t<\/div>\n\t\t\t\t<\/div>\n\t\t\t\t\t<\/div>\n\t\t<\/div>\n\t\t\t\t\t<\/div>\n\t\t<\/section>\n\t\t<div class=\"elementor-element elementor-element-7451f03 e-flex e-con-boxed e-con e-parent\" data-id=\"7451f03\" data-element_type=\"container\" data-e-type=\"container\">\n\t\t\t\t\t<div class=\"e-con-inner\">\n\t\t<div class=\"elementor-element elementor-element-1c712b5 e-con-full e-flex elementor-invisible e-con e-child\" data-id=\"1c712b5\" data-element_type=\"container\" data-e-type=\"container\" data-settings=\"{&quot;animation&quot;:&quot;fadeInUp&quot;}\">\n\t\t\t\t<div class=\"elementor-element elementor-element-bc1ba7a elementor-widget elementor-widget-image\" data-id=\"bc1ba7a\" data-element_type=\"widget\" data-e-type=\"widget\" data-widget_type=\"image.default\">\n\t\t\t\t<div class=\"elementor-widget-container\">\n\t\t\t\t\t\t\t\t\t\t\t\t\t\t\t<img fetchpriority=\"high\" decoding=\"async\" width=\"800\" height=\"534\" src=\"https:\/\/fastfassaad.ee\/wp-content\/uploads\/2024\/02\/closeup-financial-consultant-going-through-paperwork-meeting-with-client-1024x683.webp\" class=\"attachment-large size-large wp-image-1355\" alt=\"\" srcset=\"https:\/\/fastfassaad.ee\/wp-content\/uploads\/2024\/02\/closeup-financial-consultant-going-through-paperwork-meeting-with-client-1024x683.webp 1024w, https:\/\/fastfassaad.ee\/wp-content\/uploads\/2024\/02\/closeup-financial-consultant-going-through-paperwork-meeting-with-client-300x200.webp 300w, https:\/\/fastfassaad.ee\/wp-content\/uploads\/2024\/02\/closeup-financial-consultant-going-through-paperwork-meeting-with-client-768x512.webp 768w, https:\/\/fastfassaad.ee\/wp-content\/uploads\/2024\/02\/closeup-financial-consultant-going-through-paperwork-meeting-with-client.webp 1440w\" sizes=\"(max-width: 800px) 100vw, 800px\" \/>\t\t\t\t\t\t\t\t\t\t\t\t\t\t\t<\/div>\n\t\t\t\t<\/div>\n\t\t\t\t<\/div>\n\t\t<div class=\"elementor-element elementor-element-8e3bc45 e-con-full e-flex elementor-invisible e-con e-child\" data-id=\"8e3bc45\" data-element_type=\"container\" data-e-type=\"container\" data-settings=\"{&quot;animation&quot;:&quot;fadeInUp&quot;}\">\n\t\t\t\t<div class=\"elementor-element elementor-element-cc1ae3f elementor-widget elementor-widget-text-editor\" data-id=\"cc1ae3f\" data-element_type=\"widget\" data-e-type=\"widget\" data-widget_type=\"text-editor.default\">\n\t\t\t\t<div class=\"elementor-widget-container\">\n\t\t\t\t\t\t\t\t\t<p>FastFassaad o\u00fc tarjoaa joustavilla ehdoilla lainoja yksityishenkil\u00f6ille ja osuuskunnille, enint\u00e4\u00e4n 1,5 vuotta<\/p><p>Usein julkisivu tarvitsee kiireellist\u00e4 korjausta, puhdistusta tai erist\u00e4mist\u00e4. Jos sinulla ei ole tarvittavaa taloutta, autamme sinua siin\u00e4.<\/p><p>Ehdot:<\/p><ul><li>60% kustannuksista ty\u00f6n on oltava omarahoitus<\/li><li>Maksu eriss\u00e4 enint\u00e4\u00e4n puolitoista vuotta.<\/li><li>Korko enint\u00e4\u00e4n 6 kuukautta 0%, 6-12 kuukautta 10%, 12-18 kuukautta 15% (laskettu vuotuisen koron perusteella).<\/li><\/ul>\t\t\t\t\t\t\t\t<\/div>\n\t\t\t\t<\/div>\n\t\t\t\t<\/div>\n\t\t\t\t\t<\/div>\n\t\t\t\t<\/div>\n\t\t\t\t<\/div>\n\t\t","protected":false},"excerpt":{"rendered":"<p>Maksu eriss\u00e4 FastFassaad o\u00fc tarjoaa joustavilla ehdoilla lainoja yksityishenkil\u00f6ille ja osuuskunnille, enint\u00e4\u00e4n 1,5 vuotta Usein julkisivu tarvitsee kiireellist\u00e4 korjausta, puhdistusta tai erist\u00e4mist\u00e4. Jos sinulla ei ole tarvittavaa taloutta, autamme sinua siin\u00e4. Ehdot: 60% kustannuksista ty\u00f6n on oltava omarahoitus Maksu eriss\u00e4 enint\u00e4\u00e4n puolitoista vuotta. Korko enint\u00e4\u00e4n 6 kuukautta 0%, 6-12 kuukautta 10%, 12-18 kuukautta 15% (laskettu [&hellip;]<\/p>\n","protected":false},"author":1,"featured_media":0,"parent":0,"menu_order":0,"comment_status":"closed","ping_status":"closed","template":"elementor_header_footer","meta":{"inline_featured_image":false,"footnotes":""},"class_list":["post-1267","page","type-page","status-publish","hentry"],"_links":{"self":[{"href":"https:\/\/fastfassaad.ee\/fi\/wp-json\/wp\/v2\/pages\/1267","targetHints":{"allow":["GET"]}}],"collection":[{"href":"https:\/\/fastfassaad.ee\/fi\/wp-json\/wp\/v2\/pages"}],"about":[{"href":"https:\/\/fastfassaad.ee\/fi\/wp-json\/wp\/v2\/types\/page"}],"author":[{"embeddable":true,"href":"https:\/\/fastfassaad.ee\/fi\/wp-json\/wp\/v2\/users\/1"}],"replies":[{"embeddable":true,"href":"https:\/\/fastfassaad.ee\/fi\/wp-json\/wp\/v2\/comments?post=1267"}],"version-history":[{"count":5,"href":"https:\/\/fastfassaad.ee\/fi\/wp-json\/wp\/v2\/pages\/1267\/revisions"}],"predecessor-version":[{"id":2895,"href":"https:\/\/fastfassaad.ee\/fi\/wp-json\/wp\/v2\/pages\/1267\/revisions\/2895"}],"wp:attachment":[{"href":"https:\/\/fastfassaad.ee\/fi\/wp-json\/wp\/v2\/media?parent=1267"}],"curies":[{"name":"wp","href":"https:\/\/api.w.org\/{rel}","templated":true}]}}