{"id":1275,"date":"2024-02-08T13:25:53","date_gmt":"2024-02-08T13:25:53","guid":{"rendered":"https:\/\/fastfassaad.vdisain.dev\/kattojen-puhdistus\/"},"modified":"2024-04-01T12:52:37","modified_gmt":"2024-04-01T12:52:37","slug":"kattojen-puhdistus","status":"publish","type":"page","link":"https:\/\/fastfassaad.ee\/fi\/kattojen-puhdistus\/","title":{"rendered":"Kattojen puhdistus"},"content":{"rendered":"<style>.elementor-1275 .elementor-element.elementor-element-c0eef68 > .elementor-container{min-height:300px;}.elementor-1275 .elementor-element.elementor-element-c0eef68 > .elementor-container > .elementor-column > .elementor-widget-wrap{align-content:center;align-items:center;}.elementor-1275 .elementor-element.elementor-element-c0eef68:not(.elementor-motion-effects-element-type-background), .elementor-1275 .elementor-element.elementor-element-c0eef68 > .elementor-motion-effects-container > .elementor-motion-effects-layer{background-color:var( --e-global-color-text );background-image:url(\"https:\/\/fastfassaad.ee\/wp-content\/uploads\/2024\/02\/facade-2021-08-28-22-29-36-utc.webp\");background-position:top center;background-size:cover;}.elementor-1275 .elementor-element.elementor-element-c0eef68 > .elementor-background-overlay{background-color:var( --e-global-color-text );opacity:0.65;transition:background 0.3s, border-radius 0.3s, opacity 0.3s;}.elementor-1275 .elementor-element.elementor-element-c0eef68{transition:background 0.3s, border 0.3s, border-radius 0.3s, box-shadow 0.3s;padding:100px 0px 0px 0px;}.elementor-1275 .elementor-element.elementor-element-19e751b .elementor-heading-title{font-family:\"Orbitron\", Sans-serif;font-size:42px;color:var( --e-global-color-5ac3c84 );}.elementor-1275 .elementor-element.elementor-element-90df396{--display:flex;--flex-direction:row;--container-widget-width:calc( ( 1 - var( --container-widget-flex-grow ) ) * 100% );--container-widget-height:100%;--container-widget-flex-grow:1;--container-widget-align-self:stretch;--flex-wrap-mobile:wrap;--align-items:stretch;--gap:10px 10px;--row-gap:10px;--column-gap:10px;--margin-top:0px;--margin-bottom:0px;--margin-left:0px;--margin-right:0px;--padding-top:60px;--padding-bottom:45px;--padding-left:0px;--padding-right:0px;}.elementor-1275 .elementor-element.elementor-element-8e86084{--display:flex;--justify-content:center;--margin-top:0px;--margin-bottom:0px;--margin-left:0px;--margin-right:60px;--padding-top:0px;--padding-bottom:0px;--padding-left:0px;--padding-right:0px;}.elementor-1275 .elementor-element.elementor-element-8a69e42{font-family:\"Poppins\", Sans-serif;font-size:16px;font-weight:400;color:var( --e-global-color-text );}.elementor-1275 .elementor-element.elementor-element-8a69e42 > .elementor-widget-container{margin:0px 0px 0px 0px;padding:0px 0px 0px 0px;}.elementor-1275 .elementor-element.elementor-element-cd7d76a{--display:flex;--flex-direction:column;--container-widget-width:100%;--container-widget-height:initial;--container-widget-flex-grow:0;--container-widget-align-self:initial;--flex-wrap-mobile:wrap;--justify-content:center;--gap:30px 30px;--row-gap:30px;--column-gap:30px;--padding-top:0px;--padding-bottom:0px;--padding-left:0px;--padding-right:0px;}.elementor-1275 .elementor-element.elementor-element-7891c5e img{width:100%;}.elementor-1275 .elementor-element.elementor-element-3e54635{--display:flex;--flex-direction:row-reverse;--container-widget-width:calc( ( 1 - var( --container-widget-flex-grow ) ) * 100% );--container-widget-height:100%;--container-widget-flex-grow:1;--container-widget-align-self:stretch;--flex-wrap-mobile:wrap-reverse;--align-items:stretch;--gap:10px 10px;--row-gap:10px;--column-gap:10px;--margin-top:0px;--margin-bottom:0px;--margin-left:0px;--margin-right:0px;--padding-top:45px;--padding-bottom:45px;--padding-left:0px;--padding-right:0px;}.elementor-1275 .elementor-element.elementor-element-c856f97{--display:flex;--justify-content:center;--margin-top:0px;--margin-bottom:0px;--margin-left:60px;--margin-right:0px;--padding-top:0px;--padding-bottom:0px;--padding-left:0px;--padding-right:0px;}.elementor-1275 .elementor-element.elementor-element-615ff72{font-family:\"Poppins\", Sans-serif;font-size:16px;font-weight:400;color:var( --e-global-color-text );}.elementor-1275 .elementor-element.elementor-element-615ff72 > .elementor-widget-container{margin:0px 0px 0px 0px;padding:0px 0px 0px 0px;}.elementor-1275 .elementor-element.elementor-element-1c402b2{font-family:\"Poppins\", Sans-serif;font-size:16px;font-weight:400;color:var( --e-global-color-text );}.elementor-1275 .elementor-element.elementor-element-1c402b2 > .elementor-widget-container{margin:20px 0px 0px 0px;padding:0px 0px 0px 0px;}.elementor-1275 .elementor-element.elementor-element-f5f121e{font-family:\"Poppins\", Sans-serif;font-size:16px;font-weight:400;color:var( --e-global-color-text );}.elementor-1275 .elementor-element.elementor-element-f5f121e > .elementor-widget-container{margin:20px 0px 0px 0px;padding:0px 0px 0px 0px;}.elementor-1275 .elementor-element.elementor-element-c89dcec{--display:flex;--flex-direction:column;--container-widget-width:100%;--container-widget-height:initial;--container-widget-flex-grow:0;--container-widget-align-self:initial;--flex-wrap-mobile:wrap;--justify-content:center;--gap:30px 30px;--row-gap:30px;--column-gap:30px;--padding-top:0px;--padding-bottom:0px;--padding-left:0px;--padding-right:0px;}.elementor-1275 .elementor-element.elementor-element-baf13fb img{width:100%;}@media(min-width:768px){.elementor-1275 .elementor-element.elementor-element-8e86084{--width:50%;}.elementor-1275 .elementor-element.elementor-element-cd7d76a{--width:50%;}.elementor-1275 .elementor-element.elementor-element-c856f97{--width:50%;}.elementor-1275 .elementor-element.elementor-element-c89dcec{--width:50%;}}@media(max-width:1024px){.elementor-1275 .elementor-element.elementor-element-c0eef68 > .elementor-container{min-height:250px;}.elementor-1275 .elementor-element.elementor-element-c0eef68{margin-top:0px;margin-bottom:0px;padding:60px 30px 0px 30px;}.elementor-1275 .elementor-element.elementor-element-04733c6 > .elementor-element-populated{padding:0px 0px 0px 0px;}.elementor-1275 .elementor-element.elementor-element-19e751b .elementor-heading-title{font-size:26px;}.elementor-1275 .elementor-element.elementor-element-90df396{--padding-top:30px;--padding-bottom:30px;--padding-left:30px;--padding-right:30px;}.elementor-1275 .elementor-element.elementor-element-8a69e42{font-size:14px;}.elementor-1275 .elementor-element.elementor-element-3e54635{--padding-top:30px;--padding-bottom:30px;--padding-left:30px;--padding-right:30px;}.elementor-1275 .elementor-element.elementor-element-615ff72{font-size:14px;}.elementor-1275 .elementor-element.elementor-element-1c402b2{font-size:14px;}.elementor-1275 .elementor-element.elementor-element-f5f121e{font-size:14px;}}@media(max-width:767px){.elementor-1275 .elementor-element.elementor-element-c0eef68 > .elementor-container{min-height:175px;}.elementor-1275 .elementor-element.elementor-element-c0eef68{padding:60px 0px 0px 0px;}.elementor-1275 .elementor-element.elementor-element-19e751b{text-align:center;}.elementor-1275 .elementor-element.elementor-element-19e751b .elementor-heading-title{font-size:28px;}.elementor-1275 .elementor-element.elementor-element-90df396{--padding-top:30px;--padding-bottom:30px;--padding-left:10px;--padding-right:10px;}.elementor-1275 .elementor-element.elementor-element-8e86084{--margin-top:0px;--margin-bottom:0px;--margin-left:0px;--margin-right:0px;}.elementor-1275 .elementor-element.elementor-element-8a69e42{text-align:center;font-size:14px;}.elementor-1275 .elementor-element.elementor-element-cd7d76a{--padding-top:30px;--padding-bottom:0px;--padding-left:0px;--padding-right:0px;}.elementor-1275 .elementor-element.elementor-element-3e54635{--padding-top:20px;--padding-bottom:30px;--padding-left:10px;--padding-right:10px;}.elementor-1275 .elementor-element.elementor-element-c856f97{--margin-top:0px;--margin-bottom:0px;--margin-left:0px;--margin-right:0px;}.elementor-1275 .elementor-element.elementor-element-615ff72{text-align:center;font-size:14px;}.elementor-1275 .elementor-element.elementor-element-1c402b2{text-align:center;font-size:14px;}.elementor-1275 .elementor-element.elementor-element-f5f121e{text-align:center;font-size:14px;}}<\/style>\t\t<div data-elementor-type=\"wp-page\" data-elementor-id=\"1275\" class=\"elementor elementor-1275 elementor-164\" data-elementor-post-type=\"page\">\n\t\t\t\t\t\t<section class=\"elementor-section elementor-top-section elementor-element elementor-element-c0eef68 elementor-section-height-min-height elementor-section-content-middle elementor-section-boxed elementor-section-height-default elementor-section-items-middle\" data-id=\"c0eef68\" data-element_type=\"section\" data-e-type=\"section\" data-settings=\"{&quot;background_background&quot;:&quot;classic&quot;}\">\n\t\t\t\t\t\t\t<div class=\"elementor-background-overlay\"><\/div>\n\t\t\t\t\t\t\t<div class=\"elementor-container elementor-column-gap-default\">\n\t\t\t\t\t<div class=\"elementor-column elementor-col-100 elementor-top-column elementor-element elementor-element-04733c6 elementor-invisible\" data-id=\"04733c6\" data-element_type=\"column\" data-e-type=\"column\" data-settings=\"{&quot;animation&quot;:&quot;fadeInUp&quot;}\">\n\t\t\t<div class=\"elementor-widget-wrap elementor-element-populated\">\n\t\t\t\t\t\t<div class=\"elementor-element elementor-element-19e751b elementor-widget elementor-widget-heading\" data-id=\"19e751b\" data-element_type=\"widget\" data-e-type=\"widget\" data-widget_type=\"heading.default\">\n\t\t\t\t<div class=\"elementor-widget-container\">\n\t\t\t\t\t<h3 class=\"elementor-heading-title elementor-size-default\">Kattopesu<\/h3>\t\t\t\t<\/div>\n\t\t\t\t<\/div>\n\t\t\t\t\t<\/div>\n\t\t<\/div>\n\t\t\t\t\t<\/div>\n\t\t<\/section>\n\t\t<div class=\"elementor-element elementor-element-90df396 e-flex e-con-boxed e-con e-parent\" data-id=\"90df396\" data-element_type=\"container\" data-e-type=\"container\">\n\t\t\t\t\t<div class=\"e-con-inner\">\n\t\t<div class=\"elementor-element elementor-element-8e86084 e-con-full e-flex e-con e-child\" data-id=\"8e86084\" data-element_type=\"container\" data-e-type=\"container\">\n\t\t\t\t<div class=\"elementor-element elementor-element-8a69e42 elementor-invisible elementor-widget elementor-widget-text-editor\" data-id=\"8a69e42\" data-element_type=\"widget\" data-e-type=\"widget\" data-settings=\"{&quot;_animation&quot;:&quot;fadeInDown&quot;}\" data-widget_type=\"text-editor.default\">\n\t\t\t\t<div class=\"elementor-widget-container\">\n\t\t\t\t\t\t\t\t\t<p>FastFassaad tarjoaa asiakkailleen huoltopalveluja peltikatolle, kiville, eterniitille ja SPS-katolle. Ter\u00e4skattoa pidet\u00e4\u00e4n kaikkein huoltovapaimpana kattomateriaalina kattoaineiden joukossa. Kuitenkin riippuen rakennuksen sijainnista, ilmansaasteesta ja ymp\u00e4r\u00f6ivien puiden m\u00e4\u00e4r\u00e4st\u00e4, jopa silein pelti likaantuu. T\u00e4m\u00e4 ei mill\u00e4\u00e4n tavalla heikenn\u00e4 katon k\u00e4ytt\u00f6ik\u00e4\u00e4, mutta tekee visuaalisesta puolesta rumaa. Kaiken t\u00e4m\u00e4n voi korjata pesem\u00e4ll\u00e4 katon.<\/p><p>Tarjotut palvelut:<\/p><ul><li><strong>Kattopesu<\/strong><\/li><li><strong>Kattomaalaus<\/strong><\/li><li><strong>Julkisivun pesu<\/strong><\/li><li><strong>Vesikourujen puhdistus<\/strong><\/li><\/ul>\t\t\t\t\t\t\t\t<\/div>\n\t\t\t\t<\/div>\n\t\t\t\t<\/div>\n\t\t<div class=\"elementor-element elementor-element-cd7d76a e-con-full e-flex e-con e-child\" data-id=\"cd7d76a\" data-element_type=\"container\" data-e-type=\"container\">\n\t\t\t\t<div class=\"elementor-element elementor-element-7891c5e elementor-widget elementor-widget-image\" data-id=\"7891c5e\" data-element_type=\"widget\" data-e-type=\"widget\" data-widget_type=\"image.default\">\n\t\t\t\t<div class=\"elementor-widget-container\">\n\t\t\t\t\t\t\t\t\t\t\t\t\t\t\t<img fetchpriority=\"high\" decoding=\"async\" width=\"800\" height=\"600\" src=\"https:\/\/fastfassaad.ee\/wp-content\/uploads\/2024\/02\/katus-2.jpg\" class=\"attachment-large size-large wp-image-1278\" alt=\"\" srcset=\"https:\/\/fastfassaad.ee\/wp-content\/uploads\/2024\/02\/katus-2.jpg 800w, https:\/\/fastfassaad.ee\/wp-content\/uploads\/2024\/02\/katus-2-300x225.jpg 300w, https:\/\/fastfassaad.ee\/wp-content\/uploads\/2024\/02\/katus-2-768x576.jpg 768w\" sizes=\"(max-width: 800px) 100vw, 800px\" \/>\t\t\t\t\t\t\t\t\t\t\t\t\t\t\t<\/div>\n\t\t\t\t<\/div>\n\t\t\t\t<\/div>\n\t\t\t\t\t<\/div>\n\t\t\t\t<\/div>\n\t\t<div class=\"elementor-element elementor-element-3e54635 e-flex e-con-boxed e-con e-parent\" data-id=\"3e54635\" data-element_type=\"container\" data-e-type=\"container\">\n\t\t\t\t\t<div class=\"e-con-inner\">\n\t\t<div class=\"elementor-element elementor-element-c856f97 e-con-full e-flex e-con e-child\" data-id=\"c856f97\" data-element_type=\"container\" data-e-type=\"container\">\n\t\t\t\t<div class=\"elementor-element elementor-element-615ff72 elementor-invisible elementor-widget elementor-widget-text-editor\" data-id=\"615ff72\" data-element_type=\"widget\" data-e-type=\"widget\" data-settings=\"{&quot;_animation&quot;:&quot;fadeInDown&quot;}\" data-widget_type=\"text-editor.default\">\n\t\t\t\t<div class=\"elementor-widget-container\">\n\t\t\t\t\t\t\t\t\t<p><strong>KATONPESUN TARPEELLISUUTEEN LIITTYV\u00c4T T\u00c4RKE\u00c4T ARGUMENTIT<\/strong><\/p><ul class=\"checklist\"><li>Sammalikkoisen kattopinnan k\u00e4rsii jatkuvasta kosteudesta.<\/li><li>Kattopinnan visuaalinen ulkon\u00e4k\u00f6 k\u00e4rsii, ja kiinteist\u00f6n arvo laskee.<\/li><li>Sammal ja kosteus ovat lis\u00e4rasitus, joka kuormittaa koko taloa.<\/li><li>1 m3 vett\u00e4 ja kosteaa sammalta = 1 tonni lis\u00e4painoa.<\/li><\/ul>\t\t\t\t\t\t\t\t<\/div>\n\t\t\t\t<\/div>\n\t\t\t\t<div class=\"elementor-element elementor-element-1c402b2 elementor-invisible elementor-widget elementor-widget-text-editor\" data-id=\"1c402b2\" data-element_type=\"widget\" data-e-type=\"widget\" data-settings=\"{&quot;_animation&quot;:&quot;fadeInDown&quot;}\" data-widget_type=\"text-editor.default\">\n\t\t\t\t<div class=\"elementor-widget-container\">\n\t\t\t\t\t\t\t\t\t<p><strong>MIKSI VALITA MEID\u00c4T KATONPESUUN?<\/strong><\/p><ul class=\"checklist\"><li>Meill\u00e4 on laaja kokemus<\/li><li>Asiakkaamme ovat aina tyytyv\u00e4isi\u00e4 ty\u00f6h\u00f6mme<\/li><li>Tarjoamme joustavia ratkaisuja ja l\u00e4hestymme jokaista kohdetta sen erityispiirteiden mukaan<\/li><li>K\u00e4yt\u00e4mme ammattimaisia ty\u00f6kaluja ja turvavarusteita, jotka takaavat parhaan tuloksen<\/li><\/ul>\t\t\t\t\t\t\t\t<\/div>\n\t\t\t\t<\/div>\n\t\t\t\t<div class=\"elementor-element elementor-element-f5f121e elementor-invisible elementor-widget elementor-widget-text-editor\" data-id=\"f5f121e\" data-element_type=\"widget\" data-e-type=\"widget\" data-settings=\"{&quot;_animation&quot;:&quot;fadeInDown&quot;}\" data-widget_type=\"text-editor.default\">\n\t\t\t\t<div class=\"elementor-widget-container\">\n\t\t\t\t\t\t\t\t\t<p><strong>MITEN SAADA HINTATARJOUS?<\/strong> <br \/><br \/>Saadaksesi hintatarjouksen, l\u00e4het\u00e4 meille kuva tai piirustus talostasi sek\u00e4 tarkat yhteystietosi.<\/p>\t\t\t\t\t\t\t\t<\/div>\n\t\t\t\t<\/div>\n\t\t\t\t<\/div>\n\t\t<div class=\"elementor-element elementor-element-c89dcec e-con-full e-flex e-con e-child\" data-id=\"c89dcec\" data-element_type=\"container\" data-e-type=\"container\">\n\t\t\t\t<div class=\"elementor-element elementor-element-baf13fb elementor-widget elementor-widget-image\" data-id=\"baf13fb\" data-element_type=\"widget\" data-e-type=\"widget\" data-widget_type=\"image.default\">\n\t\t\t\t<div class=\"elementor-widget-container\">\n\t\t\t\t\t\t\t\t\t\t\t\t\t\t\t<img decoding=\"async\" width=\"640\" height=\"478\" src=\"https:\/\/fastfassaad.ee\/wp-content\/uploads\/2024\/02\/katus.jpg\" class=\"attachment-large size-large wp-image-1279\" alt=\"survepesu\" srcset=\"https:\/\/fastfassaad.ee\/wp-content\/uploads\/2024\/02\/katus.jpg 640w, https:\/\/fastfassaad.ee\/wp-content\/uploads\/2024\/02\/katus-300x224.jpg 300w\" sizes=\"(max-width: 640px) 100vw, 640px\" \/>\t\t\t\t\t\t\t\t\t\t\t\t\t\t\t<\/div>\n\t\t\t\t<\/div>\n\t\t\t\t<\/div>\n\t\t\t\t\t<\/div>\n\t\t\t\t<\/div>\n\t\t\t\t<\/div>\n\t\t","protected":false},"excerpt":{"rendered":"<p>Kattopesu FastFassaad tarjoaa asiakkailleen huoltopalveluja peltikatolle, kiville, eterniitille ja SPS-katolle. Ter\u00e4skattoa pidet\u00e4\u00e4n kaikkein huoltovapaimpana kattomateriaalina kattoaineiden joukossa. Kuitenkin riippuen rakennuksen sijainnista, ilmansaasteesta ja ymp\u00e4r\u00f6ivien puiden m\u00e4\u00e4r\u00e4st\u00e4, jopa silein pelti likaantuu. T\u00e4m\u00e4 ei mill\u00e4\u00e4n tavalla heikenn\u00e4 katon k\u00e4ytt\u00f6ik\u00e4\u00e4, mutta tekee visuaalisesta puolesta rumaa. Kaiken t\u00e4m\u00e4n voi korjata pesem\u00e4ll\u00e4 katon. Tarjotut palvelut: Kattopesu Kattomaalaus Julkisivun pesu Vesikourujen [&hellip;]<\/p>\n","protected":false},"author":1,"featured_media":0,"parent":0,"menu_order":0,"comment_status":"closed","ping_status":"closed","template":"elementor_header_footer","meta":{"inline_featured_image":false,"footnotes":""},"class_list":["post-1275","page","type-page","status-publish","hentry"],"_links":{"self":[{"href":"https:\/\/fastfassaad.ee\/fi\/wp-json\/wp\/v2\/pages\/1275","targetHints":{"allow":["GET"]}}],"collection":[{"href":"https:\/\/fastfassaad.ee\/fi\/wp-json\/wp\/v2\/pages"}],"about":[{"href":"https:\/\/fastfassaad.ee\/fi\/wp-json\/wp\/v2\/types\/page"}],"author":[{"embeddable":true,"href":"https:\/\/fastfassaad.ee\/fi\/wp-json\/wp\/v2\/users\/1"}],"replies":[{"embeddable":true,"href":"https:\/\/fastfassaad.ee\/fi\/wp-json\/wp\/v2\/comments?post=1275"}],"version-history":[{"count":5,"href":"https:\/\/fastfassaad.ee\/fi\/wp-json\/wp\/v2\/pages\/1275\/revisions"}],"predecessor-version":[{"id":2839,"href":"https:\/\/fastfassaad.ee\/fi\/wp-json\/wp\/v2\/pages\/1275\/revisions\/2839"}],"wp:attachment":[{"href":"https:\/\/fastfassaad.ee\/fi\/wp-json\/wp\/v2\/media?parent=1275"}],"curies":[{"name":"wp","href":"https:\/\/api.w.org\/{rel}","templated":true}]}}