{"id":1283,"date":"2024-02-08T12:50:04","date_gmt":"2024-02-08T12:50:04","guid":{"rendered":"https:\/\/fastfassaad.vdisain.dev\/julkisivujen-tuuletus\/"},"modified":"2024-04-01T11:01:07","modified_gmt":"2024-04-01T11:01:07","slug":"julkisivujen-tuuletus","status":"publish","type":"page","link":"https:\/\/fastfassaad.ee\/fi\/julkisivun-kunnossapito\/julkisivujen-tuuletus\/","title":{"rendered":"Julkisivujen tuuletus"},"content":{"rendered":"<style>.elementor-1283 .elementor-element.elementor-element-c0eef68 > .elementor-container{min-height:300px;}.elementor-1283 .elementor-element.elementor-element-c0eef68 > .elementor-container > .elementor-column > .elementor-widget-wrap{align-content:center;align-items:center;}.elementor-1283 .elementor-element.elementor-element-c0eef68:not(.elementor-motion-effects-element-type-background), .elementor-1283 .elementor-element.elementor-element-c0eef68 > .elementor-motion-effects-container > .elementor-motion-effects-layer{background-color:var( --e-global-color-text );background-image:url(\"https:\/\/fastfassaad.ee\/wp-content\/uploads\/2024\/02\/facade-2021-08-28-22-29-36-utc.webp\");background-position:top center;background-size:cover;}.elementor-1283 .elementor-element.elementor-element-c0eef68 > .elementor-background-overlay{background-color:var( --e-global-color-text );opacity:0.65;transition:background 0.3s, border-radius 0.3s, opacity 0.3s;}.elementor-1283 .elementor-element.elementor-element-c0eef68{transition:background 0.3s, border 0.3s, border-radius 0.3s, box-shadow 0.3s;padding:100px 0px 0px 0px;}.elementor-1283 .elementor-element.elementor-element-04733c6 > .elementor-element-populated{padding:0px 0px 0px 0px;}.elementor-1283 .elementor-element.elementor-element-19e751b .elementor-heading-title{font-family:\"Orbitron\", Sans-serif;font-size:42px;color:var( --e-global-color-5ac3c84 );}.elementor-1283 .elementor-element.elementor-element-90df396{--display:flex;--flex-direction:row;--container-widget-width:calc( ( 1 - var( --container-widget-flex-grow ) ) * 100% );--container-widget-height:100%;--container-widget-flex-grow:1;--container-widget-align-self:stretch;--flex-wrap-mobile:wrap;--align-items:stretch;--gap:10px 10px;--row-gap:10px;--column-gap:10px;--margin-top:0px;--margin-bottom:0px;--margin-left:0px;--margin-right:0px;--padding-top:60px;--padding-bottom:45px;--padding-left:0px;--padding-right:0px;}.elementor-1283 .elementor-element.elementor-element-8e86084{--display:flex;--justify-content:center;--margin-top:0px;--margin-bottom:0px;--margin-left:0px;--margin-right:60px;--padding-top:0px;--padding-bottom:0px;--padding-left:0px;--padding-right:0px;}.elementor-1283 .elementor-element.elementor-element-8a69e42{font-family:\"Poppins\", Sans-serif;font-size:16px;font-weight:400;color:var( --e-global-color-text );}.elementor-1283 .elementor-element.elementor-element-8a69e42 > .elementor-widget-container{margin:0px 0px 0px 0px;padding:0px 0px 0px 0px;}.elementor-1283 .elementor-element.elementor-element-cd7d76a{--display:flex;--flex-direction:column;--container-widget-width:100%;--container-widget-height:initial;--container-widget-flex-grow:0;--container-widget-align-self:initial;--flex-wrap-mobile:wrap;--justify-content:center;--gap:30px 30px;--row-gap:30px;--column-gap:30px;--padding-top:0px;--padding-bottom:0px;--padding-left:0px;--padding-right:0px;}.elementor-1283 .elementor-element.elementor-element-136121a img{height:270px;object-fit:cover;object-position:center center;}.elementor-1283 .elementor-element.elementor-element-3e54635{--display:flex;--flex-direction:row-reverse;--container-widget-width:calc( ( 1 - var( --container-widget-flex-grow ) ) * 100% );--container-widget-height:100%;--container-widget-flex-grow:1;--container-widget-align-self:stretch;--flex-wrap-mobile:wrap-reverse;--align-items:stretch;--gap:10px 10px;--row-gap:10px;--column-gap:10px;--margin-top:0px;--margin-bottom:0px;--margin-left:0px;--margin-right:0px;--padding-top:45px;--padding-bottom:45px;--padding-left:0px;--padding-right:0px;}.elementor-1283 .elementor-element.elementor-element-c856f97{--display:flex;--justify-content:center;--margin-top:0px;--margin-bottom:0px;--margin-left:60px;--margin-right:0px;--padding-top:0px;--padding-bottom:0px;--padding-left:0px;--padding-right:0px;}.elementor-1283 .elementor-element.elementor-element-615ff72{font-family:\"Poppins\", Sans-serif;font-size:16px;font-weight:400;color:var( --e-global-color-text );}.elementor-1283 .elementor-element.elementor-element-615ff72 > .elementor-widget-container{margin:0px 0px 0px 0px;padding:0px 0px 0px 0px;}.elementor-1283 .elementor-element.elementor-element-c89dcec{--display:flex;--flex-direction:column;--container-widget-width:100%;--container-widget-height:initial;--container-widget-flex-grow:0;--container-widget-align-self:initial;--flex-wrap-mobile:wrap;--justify-content:center;--gap:30px 30px;--row-gap:30px;--column-gap:30px;--padding-top:0px;--padding-bottom:0px;--padding-left:0px;--padding-right:0px;}.elementor-1283 .elementor-element.elementor-element-baf13fb img{width:100%;height:260px;object-fit:cover;object-position:center center;}@media(min-width:768px){.elementor-1283 .elementor-element.elementor-element-8e86084{--width:66%;}.elementor-1283 .elementor-element.elementor-element-cd7d76a{--width:34%;}.elementor-1283 .elementor-element.elementor-element-c856f97{--width:66%;}.elementor-1283 .elementor-element.elementor-element-c89dcec{--width:34%;}}@media(max-width:1024px){.elementor-1283 .elementor-element.elementor-element-c0eef68 > .elementor-container{min-height:250px;}.elementor-1283 .elementor-element.elementor-element-c0eef68{margin-top:0px;margin-bottom:0px;padding:60px 30px 0px 30px;}.elementor-1283 .elementor-element.elementor-element-04733c6 > .elementor-element-populated{padding:0px 0px 0px 0px;}.elementor-1283 .elementor-element.elementor-element-19e751b .elementor-heading-title{font-size:26px;}.elementor-1283 .elementor-element.elementor-element-90df396{--padding-top:30px;--padding-bottom:30px;--padding-left:30px;--padding-right:30px;}.elementor-1283 .elementor-element.elementor-element-8a69e42{font-size:14px;}.elementor-1283 .elementor-element.elementor-element-3e54635{--padding-top:30px;--padding-bottom:30px;--padding-left:30px;--padding-right:30px;}.elementor-1283 .elementor-element.elementor-element-615ff72{font-size:14px;}.elementor-1283 .elementor-element.elementor-element-baf13fb img{height:200px;}}@media(max-width:767px){.elementor-1283 .elementor-element.elementor-element-c0eef68 > .elementor-container{min-height:175px;}.elementor-1283 .elementor-element.elementor-element-c0eef68{padding:60px 0px 0px 0px;}.elementor-1283 .elementor-element.elementor-element-19e751b{text-align:center;}.elementor-1283 .elementor-element.elementor-element-19e751b .elementor-heading-title{font-size:26px;}.elementor-1283 .elementor-element.elementor-element-90df396{--padding-top:30px;--padding-bottom:30px;--padding-left:10px;--padding-right:10px;}.elementor-1283 .elementor-element.elementor-element-8e86084{--margin-top:0px;--margin-bottom:0px;--margin-left:0px;--margin-right:0px;}.elementor-1283 .elementor-element.elementor-element-8a69e42{text-align:center;font-size:14px;}.elementor-1283 .elementor-element.elementor-element-3e54635{--padding-top:30px;--padding-bottom:30px;--padding-left:10px;--padding-right:10px;}.elementor-1283 .elementor-element.elementor-element-c856f97{--margin-top:0px;--margin-bottom:0px;--margin-left:0px;--margin-right:0px;}.elementor-1283 .elementor-element.elementor-element-615ff72{text-align:center;font-size:14px;}}<\/style>\t\t<div data-elementor-type=\"wp-page\" data-elementor-id=\"1283\" class=\"elementor elementor-1283 elementor-130\" data-elementor-post-type=\"page\">\n\t\t\t\t\t\t<section class=\"elementor-section elementor-top-section elementor-element elementor-element-c0eef68 elementor-section-height-min-height elementor-section-content-middle elementor-section-boxed elementor-section-height-default elementor-section-items-middle\" data-id=\"c0eef68\" data-element_type=\"section\" data-e-type=\"section\" data-settings=\"{&quot;background_background&quot;:&quot;classic&quot;}\">\n\t\t\t\t\t\t\t<div class=\"elementor-background-overlay\"><\/div>\n\t\t\t\t\t\t\t<div class=\"elementor-container elementor-column-gap-default\">\n\t\t\t\t\t<div class=\"elementor-column elementor-col-100 elementor-top-column elementor-element elementor-element-04733c6 elementor-invisible\" data-id=\"04733c6\" data-element_type=\"column\" data-e-type=\"column\" data-settings=\"{&quot;animation&quot;:&quot;fadeInUp&quot;}\">\n\t\t\t<div class=\"elementor-widget-wrap elementor-element-populated\">\n\t\t\t\t\t\t<div class=\"elementor-element elementor-element-19e751b elementor-widget elementor-widget-heading\" data-id=\"19e751b\" data-element_type=\"widget\" data-e-type=\"widget\" data-widget_type=\"heading.default\">\n\t\t\t\t<div class=\"elementor-widget-container\">\n\t\t\t\t\t<h3 class=\"elementor-heading-title elementor-size-default\">Julkisivujen tuuletus<\/h3>\t\t\t\t<\/div>\n\t\t\t\t<\/div>\n\t\t\t\t\t<\/div>\n\t\t<\/div>\n\t\t\t\t\t<\/div>\n\t\t<\/section>\n\t\t<div class=\"elementor-element elementor-element-90df396 e-flex e-con-boxed e-con e-parent\" data-id=\"90df396\" data-element_type=\"container\" data-e-type=\"container\">\n\t\t\t\t\t<div class=\"e-con-inner\">\n\t\t<div class=\"elementor-element elementor-element-8e86084 e-con-full e-flex e-con e-child\" data-id=\"8e86084\" data-element_type=\"container\" data-e-type=\"container\">\n\t\t\t\t<div class=\"elementor-element elementor-element-8a69e42 elementor-invisible elementor-widget elementor-widget-text-editor\" data-id=\"8a69e42\" data-element_type=\"widget\" data-e-type=\"widget\" data-settings=\"{&quot;_animation&quot;:&quot;fadeInDown&quot;}\" data-widget_type=\"text-editor.default\">\n\t\t\t\t<div class=\"elementor-widget-container\">\n\t\t\t\t\t\t\t\t\t<p class=\"article-lead\"><strong>Aikaisempina vuosikymmenin\u00e4 tuulettuvia julkisivuja k\u00e4ytettiin p\u00e4\u00e4asiassa toimisto- ja julkisissa rakennuksissa, mutta viime vuosina niit\u00e4 on alettu k\u00e4ytt\u00e4\u00e4 yh\u00e4 useammin uusien omakotitalojen rakentamisessa ja kunnostamisessa.<\/strong><\/p>\n<p>Julkisivuratkaisut voidaan jakaa karkeasti kahteen tyyppiin: tuulettuviin j\u00e4rjestelmiin ja klassisiin rappaus- ja tiilijulkisivuihin. Tuulettuvassa j\u00e4rjestelm\u00e4ss\u00e4 julkisivun katon takaosa tuulettuu hyvin. N\u00e4in varmistetaan julkisivupeitteen pitk\u00e4ik\u00e4isyys ja hyv\u00e4 ulkon\u00e4k\u00f6.<\/p>\n<p>Julkisivuverhouksiksi on saatavilla laaja valikoima tuulettuvia j\u00e4rjestelmi\u00e4, joissa on saatavilla puuta, keramiikkaa, metallia, teko- ja luonnonkive\u00e4 sek\u00e4 komposiittimateriaaleja. T\u00e4llaisia julkisivuj\u00e4rjestelmi\u00e4 kutsutaan puhekieless\u00e4 &#8221;hengitt\u00e4viksi&#8221;, mutta t\u00e4m\u00e4 ilmaisu ei kuvaa varsinaista fyysist\u00e4 rakentamisprosessia.<\/p>\n\t\t\t\t\t\t\t\t<\/div>\n\t\t\t\t<\/div>\n\t\t\t\t<\/div>\n\t\t<div class=\"elementor-element elementor-element-cd7d76a e-con-full e-flex e-con e-child\" data-id=\"cd7d76a\" data-element_type=\"container\" data-e-type=\"container\">\n\t\t\t\t<div class=\"elementor-element elementor-element-136121a elementor-widget elementor-widget-image\" data-id=\"136121a\" data-element_type=\"widget\" data-e-type=\"widget\" data-widget_type=\"image.default\">\n\t\t\t\t<div class=\"elementor-widget-container\">\n\t\t\t\t\t\t\t\t\t\t\t\t\t\t\t<img fetchpriority=\"high\" decoding=\"async\" width=\"800\" height=\"800\" src=\"https:\/\/fastfassaad.ee\/wp-content\/uploads\/2024\/02\/Ventilated-facade-system-for-visible-fixing-of.jpg\" class=\"attachment-large size-large wp-image-1284\" alt=\"\" srcset=\"https:\/\/fastfassaad.ee\/wp-content\/uploads\/2024\/02\/Ventilated-facade-system-for-visible-fixing-of.jpg 1000w, https:\/\/fastfassaad.ee\/wp-content\/uploads\/2024\/02\/Ventilated-facade-system-for-visible-fixing-of-300x300.jpg 300w, https:\/\/fastfassaad.ee\/wp-content\/uploads\/2024\/02\/Ventilated-facade-system-for-visible-fixing-of-150x150.jpg 150w, https:\/\/fastfassaad.ee\/wp-content\/uploads\/2024\/02\/Ventilated-facade-system-for-visible-fixing-of-768x768.jpg 768w\" sizes=\"(max-width: 800px) 100vw, 800px\" \/>\t\t\t\t\t\t\t\t\t\t\t\t\t\t\t<\/div>\n\t\t\t\t<\/div>\n\t\t\t\t<\/div>\n\t\t\t\t\t<\/div>\n\t\t\t\t<\/div>\n\t\t<div class=\"elementor-element elementor-element-3e54635 e-flex e-con-boxed e-con e-parent\" data-id=\"3e54635\" data-element_type=\"container\" data-e-type=\"container\">\n\t\t\t\t\t<div class=\"e-con-inner\">\n\t\t<div class=\"elementor-element elementor-element-c856f97 e-con-full e-flex e-con e-child\" data-id=\"c856f97\" data-element_type=\"container\" data-e-type=\"container\">\n\t\t\t\t<div class=\"elementor-element elementor-element-615ff72 elementor-invisible elementor-widget elementor-widget-text-editor\" data-id=\"615ff72\" data-element_type=\"widget\" data-e-type=\"widget\" data-settings=\"{&quot;_animation&quot;:&quot;fadeInDown&quot;}\" data-widget_type=\"text-editor.default\">\n\t\t\t\t<div class=\"elementor-widget-container\">\n\t\t\t\t\t\t\t\t\t<p>Uusin ja kest\u00e4vin on tuulettuva rappausjulkisivu, jossa viimeistelyrappaus levitet\u00e4\u00e4n sementtipohjaan tai muuhun materiaalialustaan, ja sen takana on ilmarako, joka p\u00e4\u00e4st\u00e4\u00e4 esteen l\u00e4pi tunkeutuvan vesih\u00f6yryn poistumaan vahingoittamatta julkisivupintaa. T\u00e4m\u00e4ntyyppinen julkisivuratkaisu on Virossa uusi sen korkeiden kustannusten vuoksi, mutta sit\u00e4 k\u00e4ytet\u00e4\u00e4n jo laajalti muualla. T\u00e4m\u00e4 on erityisen sopivaa ilmastossamme, jossa sis\u00e4- ja ulkol\u00e4mp\u00f6tilojen v\u00e4linen ero on suuri suurimman osan vuodesta, mik\u00e4 johtaa vesih\u00f6yryn voimakkaaseen siirtymiseen l\u00e4mpim\u00e4mm\u00e4st\u00e4 huoneesta kylmemp\u00e4\u00e4n huoneeseen &#8211; ulkoilmaan.<\/p>\n<p>Tuulettuvien j\u00e4rjestelmien kasvava suosio n\u00e4kyy my\u00f6s klassisten kivi- ja rappausjulkisivujen suunnittelussa tuulettuviksi. Valitettavasti niit\u00e4 k\u00e4ytet\u00e4\u00e4n Virossa edelleen harvoin, koska tietoa on niukasti ja niiden hinta on ilmeisen korkea. Itse asiassa ratkaisu, joka on halpa rakentamishetkell\u00e4, osoittautuu yleens\u00e4 huomattavasti kalliimmaksi sen elinkaaren aikana, koska yll\u00e4pitokustannukset ovat korkeat ja k\u00e4ytt\u00f6ik\u00e4 lyhyt.<\/p>\n\t\t\t\t\t\t\t\t<\/div>\n\t\t\t\t<\/div>\n\t\t\t\t<\/div>\n\t\t<div class=\"elementor-element elementor-element-c89dcec e-con-full e-flex e-con e-child\" data-id=\"c89dcec\" data-element_type=\"container\" data-e-type=\"container\">\n\t\t\t\t<div class=\"elementor-element elementor-element-baf13fb elementor-widget elementor-widget-image\" data-id=\"baf13fb\" data-element_type=\"widget\" data-e-type=\"widget\" data-widget_type=\"image.default\">\n\t\t\t\t<div class=\"elementor-widget-container\">\n\t\t\t\t\t\t\t\t\t\t\t\t\t\t\t<img decoding=\"async\" width=\"267\" height=\"189\" src=\"https:\/\/fastfassaad.ee\/wp-content\/uploads\/2024\/02\/ventilated-1.jpg\" class=\"attachment-large size-large wp-image-1285\" alt=\"\" \/>\t\t\t\t\t\t\t\t\t\t\t\t\t\t\t<\/div>\n\t\t\t\t<\/div>\n\t\t\t\t<\/div>\n\t\t\t\t\t<\/div>\n\t\t\t\t<\/div>\n\t\t\t\t<\/div>\n\t\t","protected":false},"excerpt":{"rendered":"<p>Julkisivujen tuuletus Aikaisempina vuosikymmenin\u00e4 tuulettuvia julkisivuja k\u00e4ytettiin p\u00e4\u00e4asiassa toimisto- ja julkisissa rakennuksissa, mutta viime vuosina niit\u00e4 on alettu k\u00e4ytt\u00e4\u00e4 yh\u00e4 useammin uusien omakotitalojen rakentamisessa ja kunnostamisessa. Julkisivuratkaisut voidaan jakaa karkeasti kahteen tyyppiin: tuulettuviin j\u00e4rjestelmiin ja klassisiin rappaus- ja tiilijulkisivuihin. Tuulettuvassa j\u00e4rjestelm\u00e4ss\u00e4 julkisivun katon takaosa tuulettuu hyvin. N\u00e4in varmistetaan julkisivupeitteen pitk\u00e4ik\u00e4isyys ja hyv\u00e4 ulkon\u00e4k\u00f6. Julkisivuverhouksiksi on [&hellip;]<\/p>\n","protected":false},"author":1,"featured_media":0,"parent":1444,"menu_order":0,"comment_status":"closed","ping_status":"closed","template":"elementor_header_footer","meta":{"inline_featured_image":false,"footnotes":""},"class_list":["post-1283","page","type-page","status-publish","hentry"],"_links":{"self":[{"href":"https:\/\/fastfassaad.ee\/fi\/wp-json\/wp\/v2\/pages\/1283","targetHints":{"allow":["GET"]}}],"collection":[{"href":"https:\/\/fastfassaad.ee\/fi\/wp-json\/wp\/v2\/pages"}],"about":[{"href":"https:\/\/fastfassaad.ee\/fi\/wp-json\/wp\/v2\/types\/page"}],"author":[{"embeddable":true,"href":"https:\/\/fastfassaad.ee\/fi\/wp-json\/wp\/v2\/users\/1"}],"replies":[{"embeddable":true,"href":"https:\/\/fastfassaad.ee\/fi\/wp-json\/wp\/v2\/comments?post=1283"}],"version-history":[{"count":3,"href":"https:\/\/fastfassaad.ee\/fi\/wp-json\/wp\/v2\/pages\/1283\/revisions"}],"predecessor-version":[{"id":1379,"href":"https:\/\/fastfassaad.ee\/fi\/wp-json\/wp\/v2\/pages\/1283\/revisions\/1379"}],"up":[{"embeddable":true,"href":"https:\/\/fastfassaad.ee\/fi\/wp-json\/wp\/v2\/pages\/1444"}],"wp:attachment":[{"href":"https:\/\/fastfassaad.ee\/fi\/wp-json\/wp\/v2\/media?parent=1283"}],"curies":[{"name":"wp","href":"https:\/\/api.w.org\/{rel}","templated":true}]}}